{"id":656,"date":"2022-05-26T11:04:19","date_gmt":"2022-05-26T11:04:19","guid":{"rendered":"https:\/\/interlenco.es\/?page_id=656"},"modified":"2024-06-19T11:00:28","modified_gmt":"2024-06-19T11:00:28","slug":"byo-premium-mc-2","status":"publish","type":"page","link":"https:\/\/interlenco.es\/?page_id=656","title":{"rendered":"BYO Premium MC"},"content":{"rendered":"<p>[et_pb_section fb_built=\u00bb1&#8243; admin_label=\u00bbsection\u00bb _builder_version=\u00bb3.18.9&#8243; custom_padding=\u00bb54px|0px|0|0px|false|false\u00bb][et_pb_row custom_padding=\u00bb0|0|0|0|false|false\u00bb admin_label=\u00bbrow\u00bb _builder_version=\u00bb3.18.9&#8243; background_size=\u00bbinitial\u00bb background_position=\u00bbtop_left\u00bb background_repeat=\u00bbrepeat\u00bb module_alignment=\u00bbcenter\u00bb][et_pb_column type=\u00bb4_4&#8243; _builder_version=\u00bb3.0.47&#8243; parallax=\u00bboff\u00bb parallax_method=\u00bbon\u00bb][et_pb_text admin_label=\u00bbText\u00bb _builder_version=\u00bb3.18.9&#8243; background_size=\u00bbinitial\u00bb background_position=\u00bbtop_left\u00bb background_repeat=\u00bbrepeat\u00bb]<\/p>\n<figure class=\"wp-block-image size-full\"><img decoding=\"async\" loading=\"lazy\" src=\"https:\/\/interlenco.es\/wp-content\/uploads\/2022\/05\/Logo-BYO-Premium-MC_Page_1.png\" alt=\"\" class=\"wp-image-661\" width=\"349\" height=\"262\" style=\"display: block; margin-left: auto; margin-right: auto;\" srcset=\"https:\/\/interlenco.es\/wp-content\/uploads\/2022\/05\/Logo-BYO-Premium-MC_Page_1.png 485w, https:\/\/interlenco.es\/wp-content\/uploads\/2022\/05\/Logo-BYO-Premium-MC_Page_1-300x225.png 300w\" sizes=\"(max-width: 349px) 100vw, 349px\" \/><\/figure>\n<p style=\"text-align: justify;\">\n<\/p><p><span style=\"font-size: large;\"><strong>Lentes de contacto para j\u00f3venes miopes con y sin astigmatismo<\/strong><\/span><\/p>\n<p>La miop\u00eda es cada vez m\u00e1s com\u00fan y a una edad cada vez m\u00e1s temprana. El grado de miop\u00eda tambi\u00e9n est\u00e1 aumentando. En la actualidad, al menos el 50% de los j\u00f3venes en Europa son miopes. En Asia, esta cifra ya es m\u00e1s del 80%. Los investigadores hablan de epidemia de miop\u00eda siendo los j\u00f3venes el grupo m\u00e1s vulnerable.&nbsp;<\/p>\n<p><span style=\"font-size: 14px;\">&nbsp;<\/span><\/p>\n<p><span style=\"font-size: large;\"><strong>BYO Premium MC y MCT<\/strong><\/span><\/p>\n<p>\u2022 Son lentes de contacto blandas hechas a medida para j\u00f3venes miopes con y sin astigmatismo con un desenfoque mi\u00f3pico de +2.00 D<br> \u2022 Reemplazo trimestral<br> \u2022&nbsp;Adecuadas para potencias y cilindros altos (hasta -12,00 D de&nbsp;miop\u00eda, astigmatismo hasta -4,50 D)<br> \u2022&nbsp;Amplia gama de par\u00e1metros disponibles<br>\u2022&nbsp;Visi\u00f3n de alta calidad<br> \u2022&nbsp;Comodidad y movimiento de la lente \u00f3ptimos<br> \u2022&nbsp;Disponible en versi\u00f3n t\u00f3rica con combinaci\u00f3n de estabilizaci\u00f3n&nbsp;prism\u00e1tica y din\u00e1mica<br> \u2022&nbsp;Todos los lentes est\u00e1n marcadas con l\u00e1ser con el logotipo y un&nbsp;n\u00famero de lote \u00fanico. Esto signi\ufb01ca calidad garantizada.<\/p>\n<figure class=\"wp-block-gallery has-nested-images columns-default is-cropped\"><\/figure>\n\n\n<p>&nbsp;<\/p>\n<p>&nbsp;<\/p>\n<p>&nbsp;<\/p>\n<p>&nbsp;<\/p>\n<p>&nbsp;<\/p>\n<p><strong style=\"font-size: 14px;\"><\/strong><\/p>\n<p>&nbsp;<\/p>\n<p><span style=\"font-size: 14px;\">\u00a0<\/span><\/p>\n<\/figure>[\/et_pb_text][et_pb_image src=\u00bbhttps:\/\/interlenco.es\/wp-content\/uploads\/2022\/05\/BYO-Premium-MC-DIPTICO-Page-02-Snapshot-01.png\u00bb align=\u00bbcenter\u00bb _builder_version=\u00bb3.18.9&#8243;][\/et_pb_image][et_pb_text _builder_version=\u00bb3.18.9&#8243;]<p><span style=\"font-size: large;\"><strong>Guia de adaptaci\u00f3n<\/strong><\/span><\/p>\n<p>Al adaptar BYO Premium MC, se recomienda realizar, si es posible, los siguientes procedimientos:<\/p>\n<p>\u2022\u00a0<span style=\"color: #e09900;\">Refracci\u00f3n objetiva ciclopl\u00e9jica<\/span>. Importante para evitar falsos diagn\u00f3sticos de miop\u00eda.\u00a0 La retinoscopia de Mohindra ser\u00eda la alternativa.<br \/>\u2022 <span style=\"color: #e09900;\">Topograf\u00eda corneal<\/span>. Con\ufb01rme que la topograf\u00eda sea de buena calidad. Si es necesario, utilice una\u00a0gota hidratante antes de la medici\u00f3n.<br \/>\u2022\u00a0<span style=\"color: #e09900;\">Refracci\u00f3n subjetiva.<\/span> Compruebe siempre la refracci\u00f3n subjetiva utilizando el m\u00e9todo de fogging.<br \/>\u2022\u00a0<span style=\"color: #e09900;\">Di\u00e1metro corneal (DHIV).<\/span> Determinar el di\u00e1metro de la c\u00f3rnea es crucial para un ajuste \u00f3ptimo.<br \/>\u2022\u00a0<span style=\"color: #e09900;\">Longitud axial.<\/span>\u00a0Idealmente, la longitud\u00a0axial se mide cada 6 meses.<br \/>\u2022\u00a0<span style=\"color: #e09900;\">Di\u00e1metro de la pupila<\/span>. Mida el di\u00e1metro de la pupila en condiciones normales de luz (fot\u00f3pica,\u00a0mes\u00f3pica). Utilizar estos datos para la elecci\u00f3n inicial de lentes de\u00a0 \u00a0 \u00a0 \u00a0 contacto.<br \/>\u2022\u00a0<span style=\"color: #e09900;\">Examen binocular.<\/span> La investigaci\u00f3n ha demostrado que el estado de la visi\u00f3n binocular puede in\ufb02uir\u00a0en la miop\u00eda.<br \/>\u00a0 Con estas lentes el paciente puede observar im\u00e1genes fantasmas y halos. Cuando la visi\u00f3n a distancia no es su\ufb01ciente, la potencia de la esfera se puede\u00a0 \u00a0 \u00a0 \u00a0 \u00a0 \u00a0 \u00a0 \u00a0 \u00a0 \u00a0 \u00a0 \u00a0 hipercorregir en pasos de -0,25 D con un m\u00e1ximo de -0,50 D.<br \/><strong><\/strong><\/p>\n<p><strong>Importante:<\/strong><br \/>\u2022\u00a0Trabajar siempre con un Consentimiento Informado<br \/>\u2022\u00a0Realice una revisi\u00f3n de lentes al menos dos veces al a\u00f1o<br \/>\u2022\u00a0Compruebe la refracci\u00f3n de la miop\u00eda dos veces al a\u00f1o<\/p>\n<p><strong>Consejos de uso:<\/strong><br \/>Es importante usar las lentes el tiempo recomendado por el profesional y utilizar las soluciones de mantenimiento adecuadas.<\/p>\n<p>La lente debe ser reemplazada cada tres meses.<\/p>\n<p>&nbsp;<\/p>\n<p>&nbsp;<\/p>[\/et_pb_text][et_pb_image src=\u00bbhttps:\/\/interlenco.es\/wp-content\/uploads\/2022\/05\/BYO-Premium-MC-DIPTICO-Page-02-Snapshot-02.png\u00bb align=\u00bbcenter\u00bb _builder_version=\u00bb3.18.9&#8243;][\/et_pb_image][\/et_pb_column][\/et_pb_row][\/et_pb_section]\n","protected":false},"excerpt":{"rendered":"<p>[et_pb_section fb_built=\u00bb1&#8243; admin_label=\u00bbsection\u00bb _builder_version=\u00bb3.18.9&#8243; custom_padding=\u00bb54px|0px|0|0px|false|false\u00bb][et_pb_row custom_padding=\u00bb0|0|0|0|false|false\u00bb admin_label=\u00bbrow\u00bb _builder_version=\u00bb3.18.9&#8243; background_size=\u00bbinitial\u00bb background_position=\u00bbtop_left\u00bb background_repeat=\u00bbrepeat\u00bb module_alignment=\u00bbcenter\u00bb][et_pb_column type=\u00bb4_4&#8243; _builder_version=\u00bb3.0.47&#8243; parallax=\u00bboff\u00bb parallax_method=\u00bbon\u00bb][et_pb_text admin_label=\u00bbText\u00bb _builder_version=\u00bb3.18.9&#8243; background_size=\u00bbinitial\u00bb background_position=\u00bbtop_left\u00bb background_repeat=\u00bbrepeat\u00bb] Lentes de contacto para j\u00f3venes miopes con y sin astigmatismo La miop\u00eda es cada vez m\u00e1s com\u00fan y a una edad cada vez m\u00e1s temprana. El grado de miop\u00eda tambi\u00e9n est\u00e1 aumentando. En la [&hellip;]<\/p>\n","protected":false},"author":3,"featured_media":0,"parent":0,"menu_order":0,"comment_status":"closed","ping_status":"closed","template":"","meta":{"_et_pb_use_builder":"on","_et_pb_old_content":"<!-- wp:image {\"id\":661,\"sizeSlug\":\"full\",\"linkDestination\":\"none\"} -->\n<figure class=\"wp-block-image size-full\"><img src=\"https:\/\/interlenco.es\/wp-content\/uploads\/2022\/05\/Logo-BYO-Premium-MC_Page_1.png\" alt=\"\" class=\"wp-image-661\"\/><\/figure>\n<!-- \/wp:image -->\n\n<!-- wp:image {\"id\":658,\"sizeSlug\":\"large\",\"linkDestination\":\"none\"} -->\n<figure class=\"wp-block-image size-large\"><img src=\"https:\/\/interlenco.es\/wp-content\/uploads\/2022\/05\/BYO-Premium-MC-DIPTICO_Page_1-1-1024x626.png\" alt=\"\" class=\"wp-image-658\"\/><\/figure>\n<!-- \/wp:image -->\n\n<!-- wp:gallery {\"linkTo\":\"none\"} -->\n<figure class=\"wp-block-gallery has-nested-images columns-default is-cropped\"><!-- wp:image {\"id\":662,\"sizeSlug\":\"large\",\"linkDestination\":\"none\"} -->\n<figure class=\"wp-block-image size-large\"><img src=\"https:\/\/interlenco.es\/wp-content\/uploads\/2022\/05\/BYO-Premium-MC-DIPTICO_Page_2-1-1024x724.png\" alt=\"\" class=\"wp-image-662\"\/><\/figure>\n<!-- \/wp:image --><\/figure>\n<!-- \/wp:gallery -->"},"_links":{"self":[{"href":"https:\/\/interlenco.es\/index.php?rest_route=\/wp\/v2\/pages\/656"}],"collection":[{"href":"https:\/\/interlenco.es\/index.php?rest_route=\/wp\/v2\/pages"}],"about":[{"href":"https:\/\/interlenco.es\/index.php?rest_route=\/wp\/v2\/types\/page"}],"author":[{"embeddable":true,"href":"https:\/\/interlenco.es\/index.php?rest_route=\/wp\/v2\/users\/3"}],"replies":[{"embeddable":true,"href":"https:\/\/interlenco.es\/index.php?rest_route=%2Fwp%2Fv2%2Fcomments&post=656"}],"version-history":[{"count":21,"href":"https:\/\/interlenco.es\/index.php?rest_route=\/wp\/v2\/pages\/656\/revisions"}],"predecessor-version":[{"id":803,"href":"https:\/\/interlenco.es\/index.php?rest_route=\/wp\/v2\/pages\/656\/revisions\/803"}],"wp:attachment":[{"href":"https:\/\/interlenco.es\/index.php?rest_route=%2Fwp%2Fv2%2Fmedia&parent=656"}],"curies":[{"name":"wp","href":"https:\/\/api.w.org\/{rel}","templated":true}]}}