{"id":233,"date":"2019-01-23T08:37:35","date_gmt":"2019-01-23T08:37:35","guid":{"rendered":"https:\/\/interlenco.es\/?page_id=233"},"modified":"2019-01-23T08:37:37","modified_gmt":"2019-01-23T08:37:37","slug":"informacion-adicional","status":"publish","type":"page","link":"https:\/\/interlenco.es\/?page_id=233","title":{"rendered":"Informaci\u00f3n adicional"},"content":{"rendered":"<p>[et_pb_section fb_built=\u00bb1&#8243; fullwidth=\u00bbon\u00bb admin_label=\u00bbHero Section\u00bb _builder_version=\u00bb3.18.9&#8243; background_image=\u00bbhttps:\/\/interlenco.es\/wp-content\/uploads\/2019\/01\/legal.jpg\u00bb background_size=\u00bbinitial\u00bb custom_margin=\u00bb0px|0px|0px|0px\u00bb custom_padding=\u00bb1px|0|0|0px|false|false\u00bb][et_pb_fullwidth_header title=\u00bbProtecci\u00f3n de datos\u00bb subhead=\u00bbInformaci\u00f3n adicional\u00bb text_orientation=\u00bbright\u00bb background_overlay_color=\u00bbrgba(0,0,0,0.19)\u00bb content_max_width=\u00bb550px\u00bb _builder_version=\u00bb3.18.9&#8243; title_level=\u00bbh3&#8243; title_font=\u00bbRaleway|700|||||||\u00bb title_text_color=\u00bb#ffffff\u00bb title_font_size=\u00bb31px\u00bb title_letter_spacing=\u00bb2px\u00bb title_line_height=\u00bb1.8em\u00bb content_font=\u00bbRaleway||||||||\u00bb subhead_font=\u00bbRaleway|700|||||||\u00bb subhead_text_align=\u00bbright\u00bb subhead_font_size=\u00bb47px\u00bb subhead_line_height=\u00bb1.1em\u00bb background_color=\u00bbrgba(255,255,255,0)\u00bb custom_button_two=\u00bbon\u00bb button_two_border_width=\u00bb3px\u00bb button_two_border_color=\u00bbrgba(255,255,255,0.58)\u00bb button_two_border_radius=\u00bb0px\u00bb button_two_letter_spacing=\u00bb1px\u00bb button_two_font=\u00bbSaira Extra Condensed|600||on|||||\u00bb button_two_icon=\u00bb%%3%%\u00bb button_two_icon_color=\u00bb#edbb5f\u00bb custom_button_one=\u00bbon\u00bb button_one_border_width=\u00bb1px\u00bb button_one_border_color=\u00bbrgba(255,255,255,0.3)\u00bb button_one_border_radius=\u00bb0px\u00bb button_one_letter_spacing=\u00bb1px\u00bb button_one_font=\u00bbSaira Extra Condensed|600||on|||||\u00bb button_one_icon=\u00bb%%3%%\u00bb button_one_icon_color=\u00bb#edbb5f\u00bb module_alignment=\u00bbright\u00bb custom_margin=\u00bb-3px|0px|0px|0px\u00bb custom_padding=\u00bb180px|0px|14px|0px\u00bb text_shadow_style=\u00bbpreset1&#8243; text_shadow_horizontal_length=\u00bb0.17em\u00bb text_shadow_vertical_length=\u00bb0.15em\u00bb text_shadow_blur_strength=\u00bb0.31em\u00bb text_shadow_color=\u00bb#000000&#8243; button_one_text_color_hover=\u00bb#edbb5f\u00bb button_two_text_color_hover=\u00bb#edbb5f\u00bb button_one_bg_color_hover=\u00bbrgba(0,0,0,0)\u00bb button_two_bg_color_hover=\u00bbrgba(0,0,0,0)\u00bb button_one_text_size__hover_enabled=\u00bboff\u00bb button_two_text_size__hover_enabled=\u00bboff\u00bb button_one_text_color__hover_enabled=\u00bbon\u00bb button_one_text_color__hover=\u00bb#edbb5f\u00bb button_two_text_color__hover_enabled=\u00bbon\u00bb button_two_text_color__hover=\u00bb#edbb5f\u00bb button_one_border_width__hover_enabled=\u00bboff\u00bb button_two_border_width__hover_enabled=\u00bboff\u00bb button_one_border_color__hover_enabled=\u00bboff\u00bb button_two_border_color__hover_enabled=\u00bboff\u00bb button_one_border_radius__hover_enabled=\u00bboff\u00bb button_two_border_radius__hover_enabled=\u00bboff\u00bb button_one_letter_spacing__hover_enabled=\u00bboff\u00bb button_two_letter_spacing__hover_enabled=\u00bboff\u00bb button_one_bg_color__hover_enabled=\u00bbon\u00bb button_one_bg_color__hover=\u00bbrgba(0,0,0,0)\u00bb button_two_bg_color__hover_enabled=\u00bbon\u00bb button_two_bg_color__hover=\u00bbrgba(0,0,0,0)\u00bb][\/et_pb_fullwidth_header][\/et_pb_section][et_pb_section fb_built=\u00bb1&#8243; admin_label=\u00bbStatistics\u00bb _builder_version=\u00bb3.0.98&#8243;][et_pb_row make_equal=\u00bbon\u00bb padding_top_1=\u00bb0px\u00bb padding_top_2=\u00bb7px\u00bb padding_top_3=\u00bb30px\u00bb _builder_version=\u00bb3.18.9&#8243;][et_pb_column type=\u00bb4_4&#8243; _builder_version=\u00bb3.0.47&#8243; padding_top=\u00bb0px\u00bb parallax=\u00bboff\u00bb parallax_method=\u00bbon\u00bb][et_pb_text _builder_version=\u00bb3.18.9&#8243;]<\/p>\n<div class=\"page\" title=\"Page 2\">\n<div class=\"layoutArea\">\n<div class=\"column\">\n<p><span><b>&#8211;<span class=\"Apple-tab-span\"> <\/span>\u00bfQui\u00e9n es el Responsable de tratamiento de sus datos?<\/b><\/span><\/p>\n<p><span><b>Identidad<\/b>: <span class=\"Apple-converted-space\">\u00a0 \u00a0 \u00a0 \u00a0 \u00a0 \u00a0 \u00a0 \u00a0 <\/span>INTERLENCO SA<\/span><\/p>\n<p><span><b>Dir. Postal<\/b>:<span class=\"Apple-converted-space\">\u00a0 \u00a0 \u00a0 \u00a0 \u00a0 \u00a0 \u00a0 \u00a0 <\/span>C\/Hermenegildo Bielsa 18 &#8211; MADRID (28026)<\/span><\/p>\n<p><span><b>Correo elect<\/b>.:<span class=\"Apple-converted-space\">\u00a0 \u00a0 \u00a0 \u00a0 \u00a0 \u00a0 <\/span>r.martin@interlenco.es<\/span><\/p>\n<p><span><b>Delegado de Protecci\u00f3n de Datos<\/b>:<span class=\"Apple-converted-space\">\u00a0<\/span><\/span><\/p>\n<p><span><b>Contacto DPO<\/b>:<span class=\"Apple-converted-space\">\u00a0 \u00a0 \u00a0 \u00a0 \u00a0 <\/span>dpo.interlenco@lock4data.es<\/span><\/p>\n<p><span><\/span><\/p>\n<ul>\n<li><span><b>\u00bfCon que finalidad tratamos sus datos personales?<\/b><\/span><\/li>\n<\/ul>\n<p><span>En INTERLENCO SA tratamos la informaci\u00f3n que nos facilitan las personas interesadas en el fin de prestarle los servicios o informaci\u00f3n que nos soliciten as\u00ed como facilitar a los interesados informaci\u00f3n de acuerdo con sus intereses y mejorar su experiencia de usuario, as\u00ed como elaborar un \u201cperfil comercial\u201d en base a la informaci\u00f3n facilitada sin tomar decisiones automatizadas en base a dicho perfil.<span class=\"Apple-converted-space\">\u00a0<\/span><\/span><\/p>\n<p><span><\/span><\/p>\n<ul>\n<li><span><b>\u00bfPor cu\u00e1nto tiempo conservaremos sus datos?<\/b><\/span><\/li>\n<\/ul>\n<p><span>Los datos personales proporcionados y obtenidos durante la prestaci\u00f3n de los servicios solicitados mientras dure la relaci\u00f3n comercial, se conservar\u00e1n durante un plazo de 5 a\u00f1os a partir de la \u00faltima confirmaci\u00f3n de inter\u00e9s.<span class=\"Apple-converted-space\">\u00a0<\/span><\/span><\/p>\n<p><span><\/span><\/p>\n<ul>\n<li><span><b>\u00bfCu\u00e1l es la legitimaci\u00f3n para el tratamiento de sus datos?<\/b><\/span><\/li>\n<\/ul>\n<p><span>La base legal para el tratamiento de sus datos es la ejecuci\u00f3n de la solicitud de informaci\u00f3n o contrataci\u00f3n de los servicios de INTERLENCO SA. La oferta prospectiva de productos y servicios est\u00e1 basada en el consentimiento que se le solicita, sin que en ning\u00fan caso la retirada de este consentimiento condicione la ejecuci\u00f3n del contrato de prestaci\u00f3n de servicios.<\/span><\/p>\n<\/div>\n<\/div>\n<\/div>\n<p>[\/et_pb_text][et_pb_divider color=\u00bb#7473c0&#8243; divider_weight=\u00bb2px\u00bb height=\u00bb2px\u00bb _builder_version=\u00bb3.18.9&#8243; max_width=\u00bb60px\u00bb module_alignment=\u00bbleft\u00bb locked=\u00bboff\u00bb][\/et_pb_divider][\/et_pb_column][\/et_pb_row][\/et_pb_section]<\/p>\n","protected":false},"excerpt":{"rendered":"<p>[et_pb_section fb_built=\u00bb1&#8243; fullwidth=\u00bbon\u00bb admin_label=\u00bbHero Section\u00bb _builder_version=\u00bb3.18.9&#8243; background_image=\u00bbhttps:\/\/interlenco.es\/wp-content\/uploads\/2019\/01\/legal.jpg\u00bb background_size=\u00bbinitial\u00bb custom_margin=\u00bb0px|0px|0px|0px\u00bb custom_padding=\u00bb1px|0|0|0px|false|false\u00bb][et_pb_fullwidth_header title=\u00bbProtecci\u00f3n de datos\u00bb subhead=\u00bbInformaci\u00f3n adicional\u00bb text_orientation=\u00bbright\u00bb background_overlay_color=\u00bbrgba(0,0,0,0.19)\u00bb content_max_width=\u00bb550px\u00bb _builder_version=\u00bb3.18.9&#8243; title_level=\u00bbh3&#8243; title_font=\u00bbRaleway|700|||||||\u00bb title_text_color=\u00bb#ffffff\u00bb title_font_size=\u00bb31px\u00bb title_letter_spacing=\u00bb2px\u00bb title_line_height=\u00bb1.8em\u00bb content_font=\u00bbRaleway||||||||\u00bb subhead_font=\u00bbRaleway|700|||||||\u00bb subhead_text_align=\u00bbright\u00bb subhead_font_size=\u00bb47px\u00bb subhead_line_height=\u00bb1.1em\u00bb background_color=\u00bbrgba(255,255,255,0)\u00bb custom_button_two=\u00bbon\u00bb button_two_border_width=\u00bb3px\u00bb button_two_border_color=\u00bbrgba(255,255,255,0.58)\u00bb button_two_border_radius=\u00bb0px\u00bb button_two_letter_spacing=\u00bb1px\u00bb button_two_font=\u00bbSaira Extra Condensed|600||on|||||\u00bb button_two_icon=\u00bb%%3%%\u00bb button_two_icon_color=\u00bb#edbb5f\u00bb custom_button_one=\u00bbon\u00bb button_one_border_width=\u00bb1px\u00bb button_one_border_color=\u00bbrgba(255,255,255,0.3)\u00bb button_one_border_radius=\u00bb0px\u00bb button_one_letter_spacing=\u00bb1px\u00bb button_one_font=\u00bbSaira Extra Condensed|600||on|||||\u00bb button_one_icon=\u00bb%%3%%\u00bb button_one_icon_color=\u00bb#edbb5f\u00bb module_alignment=\u00bbright\u00bb custom_margin=\u00bb-3px|0px|0px|0px\u00bb custom_padding=\u00bb180px|0px|14px|0px\u00bb text_shadow_style=\u00bbpreset1&#8243; [&hellip;]<\/p>\n","protected":false},"author":1,"featured_media":0,"parent":0,"menu_order":0,"comment_status":"closed","ping_status":"closed","template":"","meta":{"_et_pb_use_builder":"on","_et_pb_old_content":""},"_links":{"self":[{"href":"https:\/\/interlenco.es\/index.php?rest_route=\/wp\/v2\/pages\/233"}],"collection":[{"href":"https:\/\/interlenco.es\/index.php?rest_route=\/wp\/v2\/pages"}],"about":[{"href":"https:\/\/interlenco.es\/index.php?rest_route=\/wp\/v2\/types\/page"}],"author":[{"embeddable":true,"href":"https:\/\/interlenco.es\/index.php?rest_route=\/wp\/v2\/users\/1"}],"replies":[{"embeddable":true,"href":"https:\/\/interlenco.es\/index.php?rest_route=%2Fwp%2Fv2%2Fcomments&post=233"}],"version-history":[{"count":3,"href":"https:\/\/interlenco.es\/index.php?rest_route=\/wp\/v2\/pages\/233\/revisions"}],"predecessor-version":[{"id":237,"href":"https:\/\/interlenco.es\/index.php?rest_route=\/wp\/v2\/pages\/233\/revisions\/237"}],"wp:attachment":[{"href":"https:\/\/interlenco.es\/index.php?rest_route=%2Fwp%2Fv2%2Fmedia&parent=233"}],"curies":[{"name":"wp","href":"https:\/\/api.w.org\/{rel}","templated":true}]}}