{"id":229,"date":"2019-01-23T08:35:17","date_gmt":"2019-01-23T08:35:17","guid":{"rendered":"https:\/\/interlenco.es\/?page_id=229"},"modified":"2020-12-09T13:18:43","modified_gmt":"2020-12-09T13:18:43","slug":"politica-de-privacidad","status":"publish","type":"page","link":"https:\/\/interlenco.es\/?page_id=229","title":{"rendered":"Pol\u00edtica de privacidad"},"content":{"rendered":"<p>[et_pb_section fb_built=\u00bb1&#8243; fullwidth=\u00bbon\u00bb admin_label=\u00bbHero Section\u00bb _builder_version=\u00bb3.18.9&#8243; background_image=\u00bbhttps:\/\/interlenco.es\/wp-content\/uploads\/2019\/01\/legal.jpg\u00bb background_size=\u00bbinitial\u00bb custom_margin=\u00bb0px|0px|0px|0px\u00bb custom_padding=\u00bb1px|0|0|0px|false|false\u00bb][et_pb_fullwidth_header title=\u00bbAviso\u00bb subhead=\u00bbPol\u00edtica de Privacidad\u00bb text_orientation=\u00bbright\u00bb background_overlay_color=\u00bbrgba(0,0,0,0.19)\u00bb content_max_width=\u00bb550px\u00bb _builder_version=\u00bb3.18.9&#8243; title_level=\u00bbh3&#8243; title_font=\u00bbRaleway|700|||||||\u00bb title_text_color=\u00bb#ffffff\u00bb title_font_size=\u00bb31px\u00bb title_letter_spacing=\u00bb2px\u00bb title_line_height=\u00bb1.8em\u00bb content_font=\u00bbRaleway||||||||\u00bb subhead_font=\u00bbRaleway|700|||||||\u00bb subhead_text_align=\u00bbright\u00bb subhead_font_size=\u00bb47px\u00bb subhead_line_height=\u00bb1.1em\u00bb background_color=\u00bbrgba(255,255,255,0)\u00bb custom_button_two=\u00bbon\u00bb button_two_border_width=\u00bb3px\u00bb button_two_border_color=\u00bbrgba(255,255,255,0.58)\u00bb button_two_border_radius=\u00bb0px\u00bb button_two_letter_spacing=\u00bb1px\u00bb button_two_font=\u00bbSaira Extra Condensed|600||on|||||\u00bb button_two_icon=\u00bb%%3%%\u00bb button_two_icon_color=\u00bb#edbb5f\u00bb custom_button_one=\u00bbon\u00bb button_one_border_width=\u00bb1px\u00bb button_one_border_color=\u00bbrgba(255,255,255,0.3)\u00bb button_one_border_radius=\u00bb0px\u00bb button_one_letter_spacing=\u00bb1px\u00bb button_one_font=\u00bbSaira Extra Condensed|600||on|||||\u00bb button_one_icon=\u00bb%%3%%\u00bb button_one_icon_color=\u00bb#edbb5f\u00bb module_alignment=\u00bbright\u00bb custom_margin=\u00bb-3px|0px|0px|0px\u00bb custom_padding=\u00bb180px|0px|14px|0px\u00bb text_shadow_style=\u00bbpreset1&#8243; text_shadow_horizontal_length=\u00bb0.17em\u00bb text_shadow_vertical_length=\u00bb0.15em\u00bb text_shadow_blur_strength=\u00bb0.31em\u00bb text_shadow_color=\u00bb#000000&#8243; button_one_text_color_hover=\u00bb#edbb5f\u00bb button_two_text_color_hover=\u00bb#edbb5f\u00bb button_one_bg_color_hover=\u00bbrgba(0,0,0,0)\u00bb button_two_bg_color_hover=\u00bbrgba(0,0,0,0)\u00bb button_one_text_size__hover_enabled=\u00bboff\u00bb button_two_text_size__hover_enabled=\u00bboff\u00bb button_one_text_color__hover_enabled=\u00bbon\u00bb button_one_text_color__hover=\u00bb#edbb5f\u00bb button_two_text_color__hover_enabled=\u00bbon\u00bb button_two_text_color__hover=\u00bb#edbb5f\u00bb button_one_border_width__hover_enabled=\u00bboff\u00bb button_two_border_width__hover_enabled=\u00bboff\u00bb button_one_border_color__hover_enabled=\u00bboff\u00bb button_two_border_color__hover_enabled=\u00bboff\u00bb button_one_border_radius__hover_enabled=\u00bboff\u00bb button_two_border_radius__hover_enabled=\u00bboff\u00bb button_one_letter_spacing__hover_enabled=\u00bboff\u00bb button_two_letter_spacing__hover_enabled=\u00bboff\u00bb button_one_bg_color__hover_enabled=\u00bbon\u00bb button_one_bg_color__hover=\u00bbrgba(0,0,0,0)\u00bb button_two_bg_color__hover_enabled=\u00bbon\u00bb button_two_bg_color__hover=\u00bbrgba(0,0,0,0)\u00bb][\/et_pb_fullwidth_header][\/et_pb_section][et_pb_section fb_built=\u00bb1&#8243; admin_label=\u00bbStatistics\u00bb _builder_version=\u00bb3.0.98&#8243;][et_pb_row make_equal=\u00bbon\u00bb padding_top_1=\u00bb0px\u00bb padding_top_2=\u00bb7px\u00bb padding_top_3=\u00bb30px\u00bb _builder_version=\u00bb3.18.9&#8243; custom_padding=\u00bb26px|0px|26.296875px|0px|false|false\u00bb][et_pb_column type=\u00bb4_4&#8243; _builder_version=\u00bb3.0.47&#8243; padding_top=\u00bb0px\u00bb parallax=\u00bboff\u00bb parallax_method=\u00bbon\u00bb][et_pb_text _builder_version=\u00bb3.18.9&#8243;]<\/p>\n<div class=\"page\" title=\"Page 2\">\n<div class=\"layoutArea\">\n<div class=\"column\">\n<p>Cuando precisemos obtener informaci\u00f3n por su parte, siempre le solicitaremos que nos la proporcione voluntariamente de forma expresa. Los datos recabados a trav\u00e9s de los formularios de recogida de datos del sitio web u otras v\u00edas ser\u00e1n incorporados a los sistemas de tratamiento de\u00a0<b>INTERLENCO SA<\/b>.<\/p>\n<p>Esta entidad tratar\u00e1 los datos de forma confidencial y exclusivamente con la finalidad de ofrecer los servicios solicitados, con todas las garant\u00edas legales y de seguridad que impone el Reglamento (UE) 2016\/679 del Parlamento Europeo y del Consejo, de 27 de abril de 2016, relativo a la protecci\u00f3n de las personas f\u00edsicas en lo que respecta al tratamiento de datos personales y a la libre circulaci\u00f3n de estos datos\u00a0y la\u00a0Ley 34\/2002, de 11 de julio, de Servicios de la Sociedad de la Informaci\u00f3n y Comercio Electr\u00f3nico.<\/p>\n<p>&nbsp;<\/p>\n<p><b>\u00bfQui\u00e9n es el responsable de tratamiento de sus datos?<\/b><\/p>\n<ol>\n<ul>\n<li><span><\/span>El responsable es <b>INTERLENCO SA<\/b><\/li>\n<li><span><\/span>Su CIF es:\u00a0<b>A28392827<\/b><\/li>\n<li><span><\/span>Su domicilio est\u00e1 en:<b> C\/HERMENEGILDO BIELSA 18 &#8211; MADRID (28026)<\/b><\/li>\n<li><span><\/span>Correo electr\u00f3nico<b>: r.martin@interlenco.es<\/b><\/li>\n<li><span><\/span>Registro mercantil de Madrid Tomo 3886 General, 3126 Secci\u00f3n 3\u00aa del Libro de Sociedades, folio 41, hoja n\u00famero 29691, inscripci\u00f3n 1\u00aa \u2013 C.I.F. A-28392827<\/li>\n<\/ul>\n<\/ol>\n<p><b>CONTACTO DELEGADO DE PROTECCI\u00d3N DE DATOS<span class=\"Apple-converted-space\">\u00a0<\/span><\/b><\/p>\n<p><b><a href=\"mailto:dpo.interlenco@lock4data.es\">dpo.interlenco@lock4data.es<\/a><\/b><\/p>\n<p><b><\/b><\/p>\n<p><span><\/span><b>\u00bfCon que finalidad tratamos sus datos personales?<\/b><\/p>\n<p>En <b>INTERLENCO SA <\/b>tratamos la informaci\u00f3n que nos facilitan los interesados de manera leal, l\u00edcita y transparente dando cumplimiento a la normativa UE 2016\/679 de 27 de abril del Parlamento Europeo y del Consejo y Ley 3\/2018 de 5 de diciembre de Protecci\u00f3n de datos y garant\u00eda de derechos digitales.<span class=\"Apple-converted-space\">\u00a0<\/span><\/p>\n<p><span><b>Si eres CLIENTE\/PACIENTE o USUARIO<\/b><\/span>:<span class=\"Apple-converted-space\">\u00a0<\/span><\/p>\n<p>Si eres cliente\/paciente o usuario, trataremos las siguientes categor\u00edas de datos personales:<span class=\"Apple-converted-space\">\u00a0<\/span><\/p>\n<ul>\n<li><span><\/span>Datos identificativos (nombre, apellidos, DNI\u2026)<\/li>\n<li><span><\/span>Datos de contacto (correo electr\u00f3nico, Whatsapp\u2026)<\/li>\n<li><span><\/span>Datos bancarios (n\u00famero de cuenta, tarjeta bancaria&#8230;)<\/li>\n<li><span><\/span>Datos econ\u00f3micos en caso de solicitar financiaci\u00f3n (n\u00f3mina, documentaci\u00f3n relativa a la solvencia econ\u00f3mica\u2026)<\/li>\n<li><span><\/span>Datos de historia cl\u00ednica (salud, imagen&#8230;)<\/li>\n<li><span><\/span>Otros datos (facilitados por el interesado en formularios abiertos o comunicaciones)<\/li>\n<\/ul>\n<p>&nbsp;<\/p>\n<p>Tratamos tus datos con la finalidad de:<span class=\"Apple-converted-space\">\u00a0<\/span><\/p>\n<ul>\n<li><span><\/span>Gestionar los servicios, informaci\u00f3n y\/o productos solicitados. <span class=\"Apple-converted-space\">\u00a0<\/span><\/li>\n<li><span><\/span>Realizar los tratamientos y seguimiento m\u00e9dico.<span class=\"Apple-converted-space\">\u00a0<\/span><\/li>\n<li><span><\/span>Enviar comunicaciones de inter\u00e9s (si el interesado hubiera prestado la debida autorizaci\u00f3n)<\/li>\n<li><span><\/span>Cumplir las obligaciones legales aplicables al responsable.<span class=\"Apple-converted-space\">\u00a0<\/span><span class=\"Apple-converted-space\"><\/span><\/li>\n<\/ul>\n<p><span><b><\/b><\/span><\/p>\n<p><span><b>Si eres EMPLEADO o SOLICITANTE DE EMPLEO<\/b><\/span>:<span class=\"Apple-converted-space\">\u00a0<\/span><\/p>\n<p>Si eres empleado o solicitante\/candidato, trataremos las siguientes categor\u00edas de datos personales<span class=\"Apple-converted-space\">\u00a0<\/span><\/p>\n<ul>\n<li><span><\/span>Datos identificativos (nombre, apellidos, DNI\u2026)<\/li>\n<li><span><\/span>Datos incluidos en el curr\u00edculum vitae (Estudios, experiencia laboral, aficiones\u2026)<\/li>\n<li><span><\/span>Datos de contacto (correo electr\u00f3nico, Whatsapp\u2026)<\/li>\n<li><span><\/span>Datos bancarios (n\u00famero de cuenta, titular, mandato SEPA)<\/li>\n<li><span><\/span>Imagen<\/li>\n<li><span><\/span>Otros datos (facilitados por el interesado en formularios abiertos o comunicaciones)<\/li>\n<\/ul>\n<p>Tratamos tus datos con la finalidad de:<\/p>\n<ul>\n<li><span><\/span>Gestionar los derechos y obligaciones relativos a la relaci\u00f3n contractual.<\/li>\n<li><span><\/span>Selecci\u00f3n de candidatos<\/li>\n<li><span><\/span>Uso, reproducci\u00f3n o publicaci\u00f3n de imagen, nombre y voz (si el interesado hubiera prestado la debida autorizaci\u00f3n)<\/li>\n<li><span><\/span>Cumplir las obligaciones legales de las empresas.<span class=\"Apple-converted-space\">\u00a0<\/span><\/li>\n<\/ul>\n<p><span><b><\/b><\/span><\/p>\n<p><span><b>Si eres PROVEEDOR de nuestra empresa<\/b><\/span>:<span class=\"Apple-converted-space\">\u00a0<\/span><\/p>\n<p>Si eres proveedor, trataremos las siguientes categor\u00edas de datos personales:<span class=\"Apple-converted-space\">\u00a0<\/span><\/p>\n<ul>\n<li><span><\/span>Datos identificativos (nombre, apellidos, DNI\u2026)<\/li>\n<li><span><\/span>Datos de contacto (correo electr\u00f3nico, Whatsapp\u2026)<\/li>\n<li><span><\/span>Datos bancarios (n\u00famero de cuenta, facturaci\u00f3n\u2026)<\/li>\n<li><span><\/span>Otros datos (facilitados por el interesado en formularios abiertos o comunicaciones)<\/li>\n<\/ul>\n<p>Tratamos tus datos con la finalidad de:<span class=\"Apple-converted-space\">\u00a0<\/span><\/p>\n<ul>\n<li><span><\/span>Gesti\u00f3n administrativa, contable y fiscal. <span class=\"Apple-converted-space\">\u00a0<\/span><\/li>\n<li><span><\/span>Seguimiento y control de la relaci\u00f3n mercantil.<span class=\"Apple-converted-space\">\u00a0<\/span><\/li>\n<li><span><\/span>Cumplir las obligaciones legales de las empresas<\/li>\n<\/ul>\n<p>&nbsp;<\/p>\n<p><b style=\"font-size: 14px;\">\u00bfEstoy obligado a facilitar los datos personales?<\/b><\/p>\n<p><b>INTERLENCO SA <\/b>solo solicitar\u00e1 los datos estrictamente necesarios para la realizaci\u00f3n de la finalidad para la cual son recabados, por lo que en caso de no ser facilitados no podr\u00e1 prestarse el servicio solicitado.<span class=\"Apple-converted-space\">\u00a0<\/span><\/p>\n<p><b style=\"font-size: 14px;\"><\/b><\/p>\n<p><b style=\"font-size: 14px;\">\u00bfPor cu\u00e1nto tiempo conservaremos sus datos?<\/b><\/p>\n<p>Los datos personales proporcionados y obtenidos durante la relaci\u00f3n entre el interesado y <b>INTERLENCO SA <\/b>ser\u00e1n conservados durante un plazo m\u00e1ximo de 5 a\u00f1os a partir de la \u00faltima confirmaci\u00f3n de inter\u00e9s o mientras nos obligue una previsi\u00f3n legal, en cuyo caso ser\u00e1n conservados debidamente bloqueados y eliminados cuando no sea necesario. <span class=\"Apple-converted-space\">\u00a0<\/span><\/p>\n<p><b style=\"font-size: 14px;\"><\/b><\/p>\n<p><b style=\"font-size: 14px;\">\u00bfCu\u00e1l es la legitimaci\u00f3n para el tratamiento de sus datos?<\/b><\/p>\n<p>En cumplimiento del art\u00edculo 6.1 del Reglamento UE 2016\/679 de 27 de abril le informamos que la legitimaci\u00f3n para el tratamiento de sus datos es la siguiente:<span class=\"Apple-converted-space\">\u00a0<\/span><\/p>\n<ol>\n<li><i>el interesado dio su consentimiento para el tratamiento de sus datos personales para uno o varios fines espec\u00edficos y\/o<\/i><\/li>\n<\/ol>\n<ol start=\"3\">\n<li><span><i><\/i><\/span><i>el tratamiento es necesario para el cumplimiento de una obligaci\u00f3n legal aplicable al responsable del tratamiento y\/o<\/i><\/li>\n<\/ol>\n<ol start=\"6\">\n<li><i>el tratamiento es necesario para la satisfacci\u00f3n de intereses leg\u00edtimos perseguidos por el responsable del tratamiento o por un tercero, siempre que sobre dichos intereses no prevalezcan los intereses o los derechos y libertades fundamentales del interesado que requieran la protecci\u00f3n de datos personales, en particular cuando el interesado sea un ni\u00f1o.<\/i><i><\/i><\/li>\n<\/ol>\n<p><b style=\"font-size: 14px;\"><\/b><\/p>\n<p><b style=\"font-size: 14px;\">\u00bfA qu\u00e9 destinatarios se comunicar\u00e1n sus datos?<\/b><br \/><b><\/b><\/p>\n<p>Los datos tratados por <b>INTERLENCO SA <\/b>podr\u00e1n ser comunicados a terceros cuando as\u00ed nos obligue una previsi\u00f3n legal.<\/p>\n<p>Asimismo <b>INTERLENCO SA<\/b> cuenta con proveedores de servicios para los cuales es necesario realizar comunicaci\u00f3n de datos en diferentes \u00e1reas empresariales (administraci\u00f3n, contabilidad, fiscalidad, marketing, laboral&#8230;). La relaci\u00f3n con estas empresas est\u00e1 regulada seg\u00fan el art\u00edculo 28 del Reglamento UE 2016\/679 de 27 de abril del Parlamento Europeo y del Consejo (RGPD). Los datos accedidos desde dichas empresas solo ser\u00e1n utilizados para el fin empresarial necesario no siendo conservados para cualquier fin ulterior.<\/p>\n<p><b style=\"font-size: 14px;\"><\/b><\/p>\n<p><b style=\"font-size: 14px;\">\u00bfCu\u00e1les son sus derechos cuando nos facilita sus datos?<\/b><\/p>\n<p>Cualquier interesado tiene derecho a obtener confirmaci\u00f3n sobre si en <b>INTERLENCO SA<\/b> estamos tratando los datos personales que le conciernan o no.<span class=\"Apple-converted-space\">\u00a0<\/span><\/p>\n<p>Las personas interesadas tienen derecho a acceder a sus datos personales, as\u00ed como solicitar la rectificaci\u00f3n de datos inexactos o, en su caso, solicitar su supresi\u00f3n cuando, entre otros motivos, los datos ya no sea necesarios para los fines para los que fueron recogidos.<span class=\"Apple-converted-space\">\u00a0<\/span><\/p>\n<p>En determinadas circunstancias, los interesados podr\u00e1n solicitar la limitaci\u00f3n del tratamiento de sus datos, en cuyo caso \u00fanicamente los conservaremos para el ejercicio o la defensa de reclamaciones.<span class=\"Apple-converted-space\">\u00a0 <\/span>Los usuarios tambi\u00e9n podr\u00e1n oponerse al tratamiento de sus datos. <b>INTERLENCO SA <\/b>dejar\u00e1 de tratar los datos, salvo por motivos leg\u00edtimos imperiosos, o en el ejercicio o defensa de reclamaciones.<\/p>\n<p>El usuario puede enviar un escrito a <b>INTERLENCO SA<\/b>, al domicilio del responsable, o bien por medio de un correo electr\u00f3nico indicado en el encabezado de la presente Pol\u00edtica, adjuntando fotocopia de su documento de identidad, en cualquier momento y de manera gratuita, para:<\/p>\n<p>&nbsp;<\/p>\n<ul>\n<li><span><\/span><span>Revocar los consentimientos otorgados.<\/span><\/li>\n<li><span><\/span><span>Obtener confirmaci\u00f3n acerca de si se est\u00e1n tratando datos personales que conciernen al Usuario o no.<\/span><\/li>\n<li><span><\/span><span>Acceder a sus datos personales.<\/span><\/li>\n<li><span><\/span><span>Rectificar los datos inexactos o incompletos.<\/span><\/li>\n<li><span><\/span><span>Solicitar la supresi\u00f3n de sus datos cuando, entre otros motivos, los datos ya no sean necesarios para los fines que fueron recogidos.<\/span><\/li>\n<li><span><\/span><span>Obtener de la limitaci\u00f3n del tratamiento de los datos cuando se cumpla alguna de las condiciones previstas en la normativa de protecci\u00f3n de datos.<\/span><\/li>\n<li><span><\/span><span>Solicitar la portabilidad de tus datos.<\/span><\/li>\n<li><span><\/span><span>Ponerse en contacto con el DPO de <b>INTERLENCO SA<\/b><\/span><\/li>\n<li><span><\/span><span>Interponer una reclamaci\u00f3n en la autoridad de control (<a href=\"http:\/\/www.aepd\/\">www.aepd.es<\/a><\/span><span>.es<\/span><span>) en caso de considerar vulnerados los derechos que le son reconocidos por la normativa aplicable en protecci\u00f3n de datos.<\/span><\/li>\n<\/ul>\n<p>&nbsp;<\/p>\n<p><b>INTERLENCO SA <\/b>adopta los niveles de seguridad correspondientes requeridos por la citada\u00a0normativa de Protecci\u00f3n de Datos de Car\u00e1cter Personal\u00a0y dem\u00e1s normativa aplicable. Dichos niveles de seguridad son obligados para aquellas entidades que accedan a nuestra informaci\u00f3n en virtud de una relaci\u00f3n contractual y\/o prestaci\u00f3n de servicio, en aplicaci\u00f3n del art\u00edculo 28 del Reglamento UE 2016\/679 (RGPD)<\/p>\n<p>&nbsp;<\/p>\n<p>No obstante, no asume ninguna responsabilidad por los da\u00f1os y perjuicios derivados de alteraciones que terceros pueden causar en los sistemas inform\u00e1ticos, documentos electr\u00f3nicos o ficheros del usuario.<\/p>\n<p>Se\u00a0podr\u00e1n utilizar cookies durante la prestaci\u00f3n de servicios del sitio web. Las cookies son ficheros f\u00edsicos de informaci\u00f3n personal alojados en el propio terminal del usuario. El usuario tiene la posibilidad de configurar su programa navegador de manera que se impida la creaci\u00f3n de archivos cookie o se advierta de la misma. Revise nuestra pol\u00edtica de cookies a trav\u00e9s del enlace que encontrar\u00e1 en esta web.<span class=\"Apple-converted-space\">\u00a0<\/span><\/p>\n<p>Si opta a abandonar nuestro sitio web a trav\u00e9s de enlaces a sitios web no pertenecientes a nuestra entidad, <b>INTERLENCO SA <\/b>no se har\u00e1 responsable de las pol\u00edticas de privacidad de dichos sitios web ni de las cookies que \u00e9stos puedan almacenar en el ordenador del usuario.<\/p>\n<p>Nuestra pol\u00edtica con respecto al correo electr\u00f3nico se centra en remitir \u00fanicamente comunicaciones que usted haya solicitado recibir.<\/p>\n<p>Si prefiere no recibir estos mensajes por correo electr\u00f3nico le ofreceremos a trav\u00e9s de los mismos la posibilidad de ejercer su derecho de cancelaci\u00f3n y renuncia a la recepci\u00f3n de estos mensajes, en conformidad con lo dispuesto en el\u00a0T\u00edtulo III, art\u00edculo 22 de la Ley 34\/2002 de Servicios para la Sociedad de la Informaci\u00f3n y de Comercio Electr\u00f3nico.<\/p>\n<\/div>\n<\/div>\n<\/div>\n<p>[\/et_pb_text][et_pb_divider color=\u00bb#7473c0&#8243; divider_weight=\u00bb2px\u00bb height=\u00bb2px\u00bb _builder_version=\u00bb3.18.9&#8243; max_width=\u00bb60px\u00bb module_alignment=\u00bbleft\u00bb locked=\u00bboff\u00bb][\/et_pb_divider][\/et_pb_column][\/et_pb_row][\/et_pb_section]<\/p>\n","protected":false},"excerpt":{"rendered":"<p>[et_pb_section fb_built=\u00bb1&#8243; fullwidth=\u00bbon\u00bb admin_label=\u00bbHero Section\u00bb _builder_version=\u00bb3.18.9&#8243; background_image=\u00bbhttps:\/\/interlenco.es\/wp-content\/uploads\/2019\/01\/legal.jpg\u00bb background_size=\u00bbinitial\u00bb custom_margin=\u00bb0px|0px|0px|0px\u00bb custom_padding=\u00bb1px|0|0|0px|false|false\u00bb][et_pb_fullwidth_header title=\u00bbAviso\u00bb subhead=\u00bbPol\u00edtica de Privacidad\u00bb text_orientation=\u00bbright\u00bb background_overlay_color=\u00bbrgba(0,0,0,0.19)\u00bb content_max_width=\u00bb550px\u00bb _builder_version=\u00bb3.18.9&#8243; title_level=\u00bbh3&#8243; title_font=\u00bbRaleway|700|||||||\u00bb title_text_color=\u00bb#ffffff\u00bb title_font_size=\u00bb31px\u00bb title_letter_spacing=\u00bb2px\u00bb title_line_height=\u00bb1.8em\u00bb content_font=\u00bbRaleway||||||||\u00bb subhead_font=\u00bbRaleway|700|||||||\u00bb subhead_text_align=\u00bbright\u00bb subhead_font_size=\u00bb47px\u00bb subhead_line_height=\u00bb1.1em\u00bb background_color=\u00bbrgba(255,255,255,0)\u00bb custom_button_two=\u00bbon\u00bb button_two_border_width=\u00bb3px\u00bb button_two_border_color=\u00bbrgba(255,255,255,0.58)\u00bb button_two_border_radius=\u00bb0px\u00bb button_two_letter_spacing=\u00bb1px\u00bb button_two_font=\u00bbSaira Extra Condensed|600||on|||||\u00bb button_two_icon=\u00bb%%3%%\u00bb button_two_icon_color=\u00bb#edbb5f\u00bb custom_button_one=\u00bbon\u00bb button_one_border_width=\u00bb1px\u00bb button_one_border_color=\u00bbrgba(255,255,255,0.3)\u00bb button_one_border_radius=\u00bb0px\u00bb button_one_letter_spacing=\u00bb1px\u00bb button_one_font=\u00bbSaira Extra Condensed|600||on|||||\u00bb button_one_icon=\u00bb%%3%%\u00bb button_one_icon_color=\u00bb#edbb5f\u00bb module_alignment=\u00bbright\u00bb custom_margin=\u00bb-3px|0px|0px|0px\u00bb custom_padding=\u00bb180px|0px|14px|0px\u00bb text_shadow_style=\u00bbpreset1&#8243; text_shadow_horizontal_length=\u00bb0.17em\u00bb [&hellip;]<\/p>\n","protected":false},"author":1,"featured_media":0,"parent":0,"menu_order":0,"comment_status":"closed","ping_status":"closed","template":"","meta":{"_et_pb_use_builder":"on","_et_pb_old_content":""},"_links":{"self":[{"href":"https:\/\/interlenco.es\/index.php?rest_route=\/wp\/v2\/pages\/229"}],"collection":[{"href":"https:\/\/interlenco.es\/index.php?rest_route=\/wp\/v2\/pages"}],"about":[{"href":"https:\/\/interlenco.es\/index.php?rest_route=\/wp\/v2\/types\/page"}],"author":[{"embeddable":true,"href":"https:\/\/interlenco.es\/index.php?rest_route=\/wp\/v2\/users\/1"}],"replies":[{"embeddable":true,"href":"https:\/\/interlenco.es\/index.php?rest_route=%2Fwp%2Fv2%2Fcomments&post=229"}],"version-history":[{"count":4,"href":"https:\/\/interlenco.es\/index.php?rest_route=\/wp\/v2\/pages\/229\/revisions"}],"predecessor-version":[{"id":580,"href":"https:\/\/interlenco.es\/index.php?rest_route=\/wp\/v2\/pages\/229\/revisions\/580"}],"wp:attachment":[{"href":"https:\/\/interlenco.es\/index.php?rest_route=%2Fwp%2Fv2%2Fmedia&parent=229"}],"curies":[{"name":"wp","href":"https:\/\/api.w.org\/{rel}","templated":true}]}}