{"id":227,"date":"2019-01-23T08:45:26","date_gmt":"2019-01-23T08:45:26","guid":{"rendered":"https:\/\/interlenco.es\/?page_id=227"},"modified":"2019-01-23T08:47:14","modified_gmt":"2019-01-23T08:47:14","slug":"227-2","status":"publish","type":"page","link":"https:\/\/interlenco.es\/?page_id=227","title":{"rendered":"Instrucciones de Uso &#8211; Blandas"},"content":{"rendered":"\n\n[et_pb_section fb_built=\u00bb1&#8243; fullwidth=\u00bbon\u00bb admin_label=\u00bbHero Section\u00bb _builder_version=\u00bb3.18.9&#8243; background_image=\u00bbhttps:\/\/interlenco.es\/wp-content\/uploads\/2019\/01\/legal.jpg\u00bb background_size=\u00bbinitial\u00bb custom_margin=\u00bb0px|0px|0px|0px\u00bb custom_padding=\u00bb1px|0|0|0px|false|false\u00bb][et_pb_fullwidth_header title=\u00bbInstrucciones de uso\u00bb subhead=\u00bbLentes Blandas\u00bb text_orientation=\u00bbright\u00bb background_overlay_color=\u00bbrgba(0,0,0,0.19)\u00bb content_max_width=\u00bb550px\u00bb _builder_version=\u00bb3.18.9&#8243; title_level=\u00bbh3&#8243; title_font=\u00bbRaleway|700|||||||\u00bb title_text_color=\u00bb#ffffff\u00bb title_font_size=\u00bb31px\u00bb title_letter_spacing=\u00bb2px\u00bb title_line_height=\u00bb1.8em\u00bb content_font=\u00bbRaleway||||||||\u00bb subhead_font=\u00bbRaleway|700|||||||\u00bb subhead_text_align=\u00bbright\u00bb subhead_font_size=\u00bb47px\u00bb subhead_line_height=\u00bb1.1em\u00bb background_color=\u00bbrgba(255,255,255,0)\u00bb custom_button_two=\u00bbon\u00bb button_two_border_width=\u00bb3px\u00bb button_two_border_color=\u00bbrgba(255,255,255,0.58)\u00bb button_two_border_radius=\u00bb0px\u00bb button_two_letter_spacing=\u00bb1px\u00bb button_two_font=\u00bbSaira Extra Condensed|600||on|||||\u00bb button_two_icon=\u00bb%%3%%\u00bb button_two_icon_color=\u00bb#edbb5f\u00bb custom_button_one=\u00bbon\u00bb button_one_border_width=\u00bb1px\u00bb button_one_border_color=\u00bbrgba(255,255,255,0.3)\u00bb button_one_border_radius=\u00bb0px\u00bb button_one_letter_spacing=\u00bb1px\u00bb button_one_font=\u00bbSaira Extra Condensed|600||on|||||\u00bb button_one_icon=\u00bb%%3%%\u00bb button_one_icon_color=\u00bb#edbb5f\u00bb module_alignment=\u00bbright\u00bb custom_margin=\u00bb-3px|0px|0px|0px\u00bb custom_padding=\u00bb180px|0px|14px|0px\u00bb text_shadow_style=\u00bbpreset1&#8243; text_shadow_horizontal_length=\u00bb0.17em\u00bb text_shadow_vertical_length=\u00bb0.15em\u00bb text_shadow_blur_strength=\u00bb0.31em\u00bb text_shadow_color=\u00bb#000000&#8243; button_one_text_color_hover=\u00bb#edbb5f\u00bb button_two_text_color_hover=\u00bb#edbb5f\u00bb button_one_bg_color_hover=\u00bbrgba(0,0,0,0)\u00bb button_two_bg_color_hover=\u00bbrgba(0,0,0,0)\u00bb button_one_text_size__hover_enabled=\u00bboff\u00bb button_two_text_size__hover_enabled=\u00bboff\u00bb button_one_text_color__hover_enabled=\u00bbon\u00bb button_one_text_color__hover=\u00bb#edbb5f\u00bb button_two_text_color__hover_enabled=\u00bbon\u00bb button_two_text_color__hover=\u00bb#edbb5f\u00bb button_one_border_width__hover_enabled=\u00bboff\u00bb button_two_border_width__hover_enabled=\u00bboff\u00bb button_one_border_color__hover_enabled=\u00bboff\u00bb button_two_border_color__hover_enabled=\u00bboff\u00bb button_one_border_radius__hover_enabled=\u00bboff\u00bb button_two_border_radius__hover_enabled=\u00bboff\u00bb button_one_letter_spacing__hover_enabled=\u00bboff\u00bb button_two_letter_spacing__hover_enabled=\u00bboff\u00bb button_one_bg_color__hover_enabled=\u00bbon\u00bb button_one_bg_color__hover=\u00bbrgba(0,0,0,0)\u00bb button_two_bg_color__hover_enabled=\u00bbon\u00bb button_two_bg_color__hover=\u00bbrgba(0,0,0,0)\u00bb][\/et_pb_fullwidth_header][\/et_pb_section][et_pb_section fb_built=\u00bb1&#8243; admin_label=\u00bbStatistics\u00bb _builder_version=\u00bb3.0.98&#8243;][et_pb_row make_equal=\u00bbon\u00bb padding_top_1=\u00bb0px\u00bb padding_top_2=\u00bb7px\u00bb padding_top_3=\u00bb30px\u00bb _builder_version=\u00bb3.18.9&#8243;][et_pb_column type=\u00bb4_4&#8243; _builder_version=\u00bb3.0.47&#8243; padding_top=\u00bb0px\u00bb parallax=\u00bboff\u00bb parallax_method=\u00bbon\u00bb][et_pb_text _builder_version=\u00bb3.18.9&#8243;]<div class=\"page\" title=\"Page 2\">\n<div class=\"layoutArea\">\n<div class=\"column\">\n<p><span>Este folleto contiene informaci\u00f3n importante para el uso y la seguridad del producto. Por favor leer atentamente y guardar como futura referencia. Las lentes de contacto deben ser siempre adaptadas por un profesional del cuidado de la visi\u00f3n. Es esencial que siga las instrucciones de su adaptador para un uso adecuado de las lentes de contacto y de los productos de mantenimiento.<\/span><\/p>\n<p><span>La composici\u00f3n de las lentes de contacto viene especificada en el vial o blister que las contiene. Si tiene alergia debe informar a la persona que le adapta las lentes de contacto.<\/span><\/p>\n<p><strong>USO RECOMENDADO.<\/strong><br \/><span>Se recomienda que las lentes sean desechadas y reemplazadas por unas nuevas en el plazo aconsejado por el especialista que se las ha adaptado. Si tiene alguna duda en estos plazos no dude en consultarle.<\/span><br \/><span>El horario de uso lo deber\u00e1 determinar su adaptador, y el tiempo de uso debe incrementarse gradualmente hasta alcanzar el m\u00e1ximo recomendado que no exceder\u00e1 las 10-12 horas al d\u00eda en ning\u00fan caso. Las lentes fabricadas por Interlenco deber\u00e1n extraerse siempre antes de dormir.<\/span><\/p>\n<p><strong>INSERCI\u00d3N Y EXTRACCI\u00d3N DE SUS LENTES.<\/strong><br \/><span>Lave y seque siempre sus manos antes de manipular las lentes. Con el dedo \u00edndice saque suavemente la lente del estuche. Aseg\u00farese de que las lentes est\u00e1n del lado correcto. Revise sus lentes antes de pon\u00e9rselas y no lo haga si est\u00e1n da\u00f1adas. Baje ligeramente la cabeza manteniendo la mirada al frente y tirando del p\u00e1rpado inferior, inserte la lente en el ojo. Parpadee suavemente.<\/span><br \/><span>Cuando extraiga sus lentes aseg\u00farese de que sus manos est\u00e1n completamente secas. Parpade\u00e9 completamente varias veces, y mientras mira hacia arriba, desplace su lente hacia la parte blanca del ojo. Extraiga su lente pellizc\u00e1ndola entre el dedo \u00edndice y el pulgar. Si la lente est\u00e1 descentrada en el ojo, cierre su ojo y realice suavemente un masaje sobre el p\u00e1rpado superior hasta que la lente vuelva a su posici\u00f3n central. Si este problema persiste, consulte con su adaptador. <\/span><\/p>\n<p><strong>DORMIR MIENTRAS SE USAN LENTES.<\/strong><br \/><span>Si est\u00e1 utilizando lentes de contacto y se queda dormido durante un per\u00edodo corto de tiempo con ellas puestas es poco probable que se produzcan efectos adversos, en ning\u00fan caso se le aconseja que lo haga.<\/span><br \/><span>Si al despertarse, nota las lentes secas, parpade\u00e9 completamente varias veces para solucionarlo y si nota molestias acuda cuanto antes a su adaptador.<\/span><\/p>\n<p><strong>RECUERDE SIEMPRE LO SIGUIENTE:<\/strong><br \/><span>Lave, aclare y seque sus manos antes de manipular las lentes de contacto<\/span><br \/><span>Nunca reutilice la soluci\u00f3n de su estuche de lentes.<\/span><br \/><span>No utilice nunca soluciones que han caducado.<\/span><br \/><span>No utilice nunca saliva, agua del grifo o soluci\u00f3n salina casera o cualquier otra cosa distinta de las soluciones recomendadas para humectar sus lentes.<\/span><br \/><span>Aclare su estuche a diario con soluci\u00f3n est\u00e9ril y deje que se seque con el aire. Esto ayuda a evitar la contaminaci\u00f3n que podr\u00eda inducir lesiones serias en los ojos.<\/span><br \/><span>Reemplace su estuche de lentes regularmente<\/span><\/p>\n<p><strong>CUIDADO PARA LENTES SECAS (DESHIDRATADAS).<\/strong><br \/><span>Si una lente de contacto blanda se expone al aire mientras est\u00e1 fuera del ojo, puede llegar a secarse e incluso a romperse y necesita ser hidratada. Acuda a su adaptador, \u00e9l le aconsejar\u00e1 los pasos a seguir.<\/span><br \/><span>Para todas las lentes blandas fabricadas por Interlenco, tanto convencionales como desechables, se debe seguir las siguientes pautas de mantenimiento y limpieza:<\/span><br \/><span>1 Debe guardar sus lentes siempre en un estuche limpio, inmersas en una soluci\u00f3n salina est\u00e9ril tamponada al 0.9 %.<\/span><br \/><span>2 Antes de ponerse las lentes l\u00edmpielas, utilice soluciones espec\u00edficamente fabricadas para este tipo de lentes.<\/span><br \/><span>3 Siga siempre las recomendaciones que le hacemos en el punto anteriormente desarrollado de \u00abRecuerde siempre lo siguiente\u00bb.<\/span><\/p>\n<p><strong>NO USE LAS LENTES DE CONTACTO CUANDO EXISTA ALGUNA DE LAS SIGUIENTES CONDICIONES:<\/strong><br \/><span>Infecci\u00f3n, inflamaci\u00f3n, alergia, da\u00f1o o anormalidad que afecte a la c\u00f3rnea, conjuntiva o p\u00e1rpados que puedan empeorar por el uso de lentes de contacto o por el uso de productos de mantenimiento de lentes. Pel\u00edcula lagrimal inadecuada, como ojo seco, o sensibilidad corneal reducida. Uso de cualquier medicaci\u00f3n que est\u00e9 contraindicada o pueda interferir con el uso de lentes de contacto. Consulte siempre con su adaptador antes de usar cualquier medicamento en sus ojos.<\/span><\/p>\n<p><strong>POSIBLES PROBLEMAS.<\/strong><br \/><span>Importante: los problemas con lentes de contacto y productos de mantenimiento de lentes pueden llegar a causar da\u00f1os oculares. Las complicaciones asociadas al uso de las lentes de contacto que podr\u00edan surgir, van normalmente acompa\u00f1adas por uno o m\u00e1s de los siguientes signos o s\u00edntomas: Sensaci\u00f3n de cuerpo extra\u00f1o en el ojo, lagrimeo excesivo, secreciones inusuales del ojo, ojos rojos, sensibilidad a la luz, escozor, quemaz\u00f3n, picor o irritaci\u00f3n en el ojo, sensaci\u00f3n de incomodidad de la lente, reducci\u00f3n de la visi\u00f3n, visi\u00f3n borrosa, reflejos o halos alrededor de los objetos, ojo seco.<\/span><\/p>\n<p><strong>SI ALGUNO DE LOS S\u00cdNTOMAS ANTERIORES APARECE.<\/strong><br \/><span>Importante: Extraer inmediatamente la lente y consultar con su adaptador. Si la lente ha sufrido alg\u00fan da\u00f1o, no inserte la lente de nuevo en el ojo consulte a su adaptador. Si la lente tiene suciedad, una pesta\u00f1a o un cuerpo extra\u00f1o, o si el problema desaparece y la lente no est\u00e1 da\u00f1ada, limpie minuciosamente, aclare y desinfecte la lente. Entonces reinserte la lente. Si los s\u00edntomas anteriores persisten despu\u00e9s de extraer o en la reinserci\u00f3n posterior, extraer la lente inmediatamente y contacte r\u00e1pidamente con su adaptador. <\/span><br \/><span>La sequedad ocasional puede aliviarse con el uso de colirios lubricantes y humectantes. Si la sequedad persiste consulte con su adaptador.<\/span><\/p>\n<p><strong>ASPECTOS IMPORTANTES A RECORDAR.<\/strong><br \/><span>Se recomienda que los usuarios de lentes de contacto visiten a su adaptador regularmente.<\/span><br \/><span>No utilice pinzas, objetos afilados o las u\u00f1as para extraer las lentes del estuche. No utilice las lentes despu\u00e9s de su fecha de caducidad en el caso de las lentes desechables. Los cosm\u00e9ticos, lociones, jabones, cremas o desodorantes pueden causar irritaci\u00f3n si entran en contacto con las lentes. \u00daselos con precauci\u00f3n. P\u00f3ngase sus lentes antes de maquillarse y qu\u00edteselas antes de desmaquillarse. Evite usar sprais mientras use las lentes de contacto y que pueden ser causa de irritaci\u00f3n. Consulte con su adaptador si puede usar las lentes mientras realiza deporte, incluyendo nataci\u00f3n. Extraiga sus lentes cuando est\u00e9 expuesto a vapor nocivo o irritante. En su trabajo informe que usa lentes de contacto, especialmente si su trabajo incluye un equipo de protecci\u00f3n ocular. NO use las lentes mientras duerme.<\/span><\/p>\n<p><strong>INTERLENCO, S.A.<\/strong><br \/><span>C\/ HERMENEGILDO BIELSA, 18. 28026. Madrid. Espa\u00f1a.<\/span><\/p>\n<p><span>CE 0318<\/span><br \/><span>Revisi\u00f3n 2. Mayo 2013.<\/span><\/p>\n<\/div>\n<\/div>\n<\/div>[\/et_pb_text][et_pb_divider color=\u00bb#7473c0&#8243; divider_weight=\u00bb2px\u00bb height=\u00bb2px\u00bb _builder_version=\u00bb3.18.9&#8243; max_width=\u00bb60px\u00bb module_alignment=\u00bbleft\u00bb locked=\u00bboff\u00bb][\/et_pb_divider][\/et_pb_column][\/et_pb_row][\/et_pb_section]\n\n","protected":false},"excerpt":{"rendered":"","protected":false},"author":1,"featured_media":0,"parent":0,"menu_order":0,"comment_status":"closed","ping_status":"closed","template":"","meta":{"_et_pb_use_builder":"on","_et_pb_old_content":""},"_links":{"self":[{"href":"https:\/\/interlenco.es\/index.php?rest_route=\/wp\/v2\/pages\/227"}],"collection":[{"href":"https:\/\/interlenco.es\/index.php?rest_route=\/wp\/v2\/pages"}],"about":[{"href":"https:\/\/interlenco.es\/index.php?rest_route=\/wp\/v2\/types\/page"}],"author":[{"embeddable":true,"href":"https:\/\/interlenco.es\/index.php?rest_route=\/wp\/v2\/users\/1"}],"replies":[{"embeddable":true,"href":"https:\/\/interlenco.es\/index.php?rest_route=%2Fwp%2Fv2%2Fcomments&post=227"}],"version-history":[{"count":4,"href":"https:\/\/interlenco.es\/index.php?rest_route=\/wp\/v2\/pages\/227\/revisions"}],"predecessor-version":[{"id":245,"href":"https:\/\/interlenco.es\/index.php?rest_route=\/wp\/v2\/pages\/227\/revisions\/245"}],"wp:attachment":[{"href":"https:\/\/interlenco.es\/index.php?rest_route=%2Fwp%2Fv2%2Fmedia&parent=227"}],"curies":[{"name":"wp","href":"https:\/\/api.w.org\/{rel}","templated":true}]}}