{"id":218,"date":"2019-01-18T09:49:16","date_gmt":"2019-01-18T09:49:16","guid":{"rendered":"https:\/\/interlenco.es\/?page_id=218"},"modified":"2020-12-09T13:33:08","modified_gmt":"2020-12-09T13:33:08","slug":"politica-de-cookies","status":"publish","type":"page","link":"https:\/\/interlenco.es\/?page_id=218","title":{"rendered":"Pol\u00edtica de Cookies"},"content":{"rendered":"<p>[et_pb_section fb_built=\u00bb1&#8243; fullwidth=\u00bbon\u00bb admin_label=\u00bbHero Section\u00bb _builder_version=\u00bb3.18.9&#8243; background_image=\u00bbhttps:\/\/interlenco.es\/wp-content\/uploads\/2019\/01\/legal.jpg\u00bb background_size=\u00bbinitial\u00bb custom_margin=\u00bb0px|0px|0px|0px\u00bb custom_padding=\u00bb1px|0|0|0px|false|false\u00bb][et_pb_fullwidth_header title=\u00bbAviso Legal\u00bb subhead=\u00bbPol\u00edtica de Cookies\u00bb text_orientation=\u00bbright\u00bb background_overlay_color=\u00bbrgba(0,0,0,0.19)\u00bb content_max_width=\u00bb550px\u00bb _builder_version=\u00bb3.18.9&#8243; title_level=\u00bbh3&#8243; title_font=\u00bbRaleway|700|||||||\u00bb title_text_color=\u00bb#ffffff\u00bb title_font_size=\u00bb31px\u00bb title_letter_spacing=\u00bb2px\u00bb title_line_height=\u00bb1.8em\u00bb content_font=\u00bbRaleway||||||||\u00bb subhead_font=\u00bbRaleway|700|||||||\u00bb subhead_text_align=\u00bbright\u00bb subhead_font_size=\u00bb47px\u00bb subhead_line_height=\u00bb1.1em\u00bb background_color=\u00bbrgba(255,255,255,0)\u00bb custom_button_two=\u00bbon\u00bb button_two_border_width=\u00bb3px\u00bb button_two_border_color=\u00bbrgba(255,255,255,0.58)\u00bb button_two_border_radius=\u00bb0px\u00bb button_two_letter_spacing=\u00bb1px\u00bb button_two_font=\u00bbSaira Extra Condensed|600||on|||||\u00bb button_two_icon=\u00bb%%3%%\u00bb button_two_icon_color=\u00bb#edbb5f\u00bb custom_button_one=\u00bbon\u00bb button_one_border_width=\u00bb1px\u00bb button_one_border_color=\u00bbrgba(255,255,255,0.3)\u00bb button_one_border_radius=\u00bb0px\u00bb button_one_letter_spacing=\u00bb1px\u00bb button_one_font=\u00bbSaira Extra Condensed|600||on|||||\u00bb button_one_icon=\u00bb%%3%%\u00bb button_one_icon_color=\u00bb#edbb5f\u00bb module_alignment=\u00bbright\u00bb custom_margin=\u00bb-3px|0px|0px|0px\u00bb custom_padding=\u00bb180px|0px|14px|0px\u00bb text_shadow_style=\u00bbpreset1&#8243; text_shadow_horizontal_length=\u00bb0.17em\u00bb text_shadow_vertical_length=\u00bb0.15em\u00bb text_shadow_blur_strength=\u00bb0.31em\u00bb text_shadow_color=\u00bb#000000&#8243; button_one_text_color_hover=\u00bb#edbb5f\u00bb button_two_text_color_hover=\u00bb#edbb5f\u00bb button_one_bg_color_hover=\u00bbrgba(0,0,0,0)\u00bb button_two_bg_color_hover=\u00bbrgba(0,0,0,0)\u00bb button_one_text_size__hover_enabled=\u00bboff\u00bb button_two_text_size__hover_enabled=\u00bboff\u00bb button_one_text_color__hover_enabled=\u00bbon\u00bb button_one_text_color__hover=\u00bb#edbb5f\u00bb button_two_text_color__hover_enabled=\u00bbon\u00bb button_two_text_color__hover=\u00bb#edbb5f\u00bb button_one_border_width__hover_enabled=\u00bboff\u00bb button_two_border_width__hover_enabled=\u00bboff\u00bb button_one_border_color__hover_enabled=\u00bboff\u00bb button_two_border_color__hover_enabled=\u00bboff\u00bb button_one_border_radius__hover_enabled=\u00bboff\u00bb button_two_border_radius__hover_enabled=\u00bboff\u00bb button_one_letter_spacing__hover_enabled=\u00bboff\u00bb button_two_letter_spacing__hover_enabled=\u00bboff\u00bb button_one_bg_color__hover_enabled=\u00bbon\u00bb button_one_bg_color__hover=\u00bbrgba(0,0,0,0)\u00bb button_two_bg_color__hover_enabled=\u00bbon\u00bb button_two_bg_color__hover=\u00bbrgba(0,0,0,0)\u00bb][\/et_pb_fullwidth_header][\/et_pb_section][et_pb_section fb_built=\u00bb1&#8243; admin_label=\u00bbStatistics\u00bb _builder_version=\u00bb3.0.98&#8243;][et_pb_row make_equal=\u00bbon\u00bb padding_top_1=\u00bb0px\u00bb padding_top_2=\u00bb7px\u00bb padding_top_3=\u00bb30px\u00bb _builder_version=\u00bb3.18.9&#8243;][et_pb_column type=\u00bb4_4&#8243; _builder_version=\u00bb3.0.47&#8243; padding_top=\u00bb0px\u00bb parallax=\u00bboff\u00bb parallax_method=\u00bbon\u00bb][et_pb_text _builder_version=\u00bb3.18.9&#8243;]<\/p>\n<div class=\"page\" title=\"Page 2\">\n<div class=\"layoutArea\">\n<div class=\"column\">\n<p><strong>1. Introducci\u00f3n<\/strong><\/p>\n<p>Nuestro sitio web,\u00a0<span><b>https:\/\/interlenco.es\/interlenco\/home.html<\/b><\/span>\u00a0(en adelante: \u201cel sitio web\u201d) utiliza cookies y otras tecnolog\u00edas relacionadas (para mayor comodidad, todas las tecnolog\u00edas se denominan \u201ccookies\u201d). Las cookies tambi\u00e9n son colocadas por terceros que hemos contratado. En el siguiente documento le informamos sobre el uso de cookies en nuestro sitio web.<\/p>\n<p><strong>2. \u00bfQu\u00e9 son las cookies?<\/strong><\/p>\n<p>Una cookie es un peque\u00f1o archivo simple que se env\u00eda junto con las p\u00e1ginas de este sitio web y que su navegador almacena en el disco duro de su ordenador o de otro dispositivo. La informaci\u00f3n almacenada puede ser devuelta a nuestros servidores o a los servidores de los terceros relevantes durante una visita posterior.<\/p>\n<p><strong>3. \u00bfQu\u00e9 son los scripts?<\/strong><\/p>\n<p>Un script es un fragmento de c\u00f3digo de programa que se utiliza para hacer que nuestro sitio web funcione correctamente y de forma interactiva. Este c\u00f3digo se ejecuta en nuestro servidor o en su dispositivo.<\/p>\n<p><strong>4. \u00bfQu\u00e9 es una baliza web?<\/strong><\/p>\n<p>Una baliza web (o una etiqueta de p\u00edxel) es una peque\u00f1a e invisible pieza de texto o imagen en un sitio web que se utiliza para monitorear el tr\u00e1fico en un sitio web. Para ello, se almacenan varios datos sobre usted mediante web beacons.<\/p>\n<p><strong>5. Consentimiento<\/strong><\/p>\n<p>Cuando visite nuestro sitio web por primera vez, le mostraremos una ventana emergente con una explicaci\u00f3n sobre las cookies. Tan pronto como haga clic en \u201cGuardar preferencias\u201d, nos autoriza a utilizar las categor\u00edas de cookies y plug-ins que seleccion\u00f3 en la ventana emergente, tal y como se describe en esta declaraci\u00f3n de cookies. Usted puede desactivar el uso de cookies a trav\u00e9s de su navegador, pero tenga en cuenta que es posible que nuestro sitio web ya no funcione correctamente.<\/p>\n<p><b>5.1 Administraci\u00f3n de configuraci\u00f3n de consentimiento<\/b><\/p>\n<p>El usuario tiene el derecho de mostrar su conformidad a trav\u00e9s de la prestaci\u00f3n del consentimiento que solicitaremos al visitar nuestra web.<span class=\"Apple-converted-space\">\u00a0<\/span><\/p>\n<p>Dicho consentimiento podr\u00e1 ser modificado en todo momento.<span class=\"Apple-converted-space\">\u00a0<\/span><\/p>\n<p><strong>6. Cookies<\/strong><\/p>\n<p><b>6.1 Cookies t\u00e9cnicas o funcionales<\/b><\/p>\n<p>Algunas cookies aseguran que ciertas partes del sitio web funcionen correctamente y que sus preferencias de usuario sigan siendo conocidas. Al colocar cookies funcionales, le facilitamos la visita a nuestro sitio web. De esta manera, usted no necesita introducir repetidamente la misma informaci\u00f3n cuando visita nuestro sitio web y, por ejemplo, los art\u00edculos permanecen en su cesta de la compra hasta que usted haya pagado. Podemos colocar estas cookies sin su consentimiento.<\/p>\n<p><b>6.2 Cookies anal\u00edticas<\/b><\/p>\n<p>Son aqu\u00e9llas que bien tratadas por nosotros o por terceros, nos permiten cuantificar el n\u00famero de usuarios y as\u00ed realizar la medici\u00f3n y an\u00e1lisis estad\u00edstico de la utilizaci\u00f3n que hacen los usuarios del servicio ofertado. Para ello se analiza su navegaci\u00f3n en nuestra p\u00e1gina web con el fin de mejorar la oferta de productos o servicios que le ofrecemos.<\/p>\n<p><b>6.3 Cookies de publicidad<\/b><\/p>\n<p>Son aqu\u00e9llas que, bien tratadas por nosotros o por terceros, nos permiten gestionar de la forma m\u00e1s eficaz posible la oferta de los espacios publicitarios que hay en la p\u00e1gina web, adecuando el contenido del anuncio al contenido del servicio solicitado o al uso que realice de nuestra p\u00e1gina web. Para ello podemos analizar sus h\u00e1bitos de navegaci\u00f3n en Internet y podemos mostrarle publicidad relacionada con su perfil de navegaci\u00f3n.<\/p>\n<p><b>6.4 Botones de medios sociales<\/b><\/p>\n<p>En nuestro sitio web hemos incluidos botones para publicitar paginas (p.e. \u201clike, \u201cpin\u201d) o compartirlas (p.e. \u201ctweet\u201d) en redes sociales como. Estos botones funcionan usando c\u00f3digo de ellos mismos. Este c\u00f3digo incrusta cookies. Estos botones de redes sociales pueden almacenar y procesar cierta informaci\u00f3n, as\u00ed que se te puede ser mostrado un anuncio personalizado.<\/p>\n<p>Por favor lee la pol\u00edtica de privacidad de estas redes sociales (que puede cambiar frecuentemente) para saber que hacen con tus datos (personales) que procesan usando estas cookies. Los datos que reciben son anonimizados el m\u00e1ximo posible est\u00e1n ubicados en los Estados Unidos<\/p>\n<p><span><\/span><strong>7. Cookies usadas<\/strong><\/p>\n<p>A continuaci\u00f3n le indicamos las cookies utilizadas en este sitio.<span class=\"Apple-converted-space\">\u00a0<\/span><\/p>\n<table cellspacing=\"0\" cellpadding=\"0\">\n<tbody>\n<tr>\n<td valign=\"top\">\n<p>COOKIE<\/p>\n<\/td>\n<td valign=\"top\">\n<p>PROPIETARIO<\/p>\n<\/td>\n<td valign=\"top\">\n<p>CADUCIDAD<\/p>\n<\/td>\n<td valign=\"top\">\n<p>CATEGOR\u00cdA<\/p>\n<\/td>\n<td valign=\"top\">\n<p>FINALIDAD<\/p>\n<\/td>\n<\/tr>\n<tr>\n<td valign=\"top\">\n<p>&nbsp;<\/p>\n<\/td>\n<td valign=\"top\">\n<p>&nbsp;<\/p>\n<\/td>\n<td valign=\"top\">\n<p>&nbsp;<\/p>\n<\/td>\n<td valign=\"top\">\n<p>&nbsp;<\/p>\n<\/td>\n<td valign=\"top\">\n<p>&nbsp;<\/p>\n<\/td>\n<\/tr>\n<tr>\n<td valign=\"top\">\n<p>&nbsp;<\/p>\n<\/td>\n<td valign=\"top\">\n<p>&nbsp;<\/p>\n<\/td>\n<td valign=\"top\">\n<p>&nbsp;<\/p>\n<\/td>\n<td valign=\"top\">\n<p>&nbsp;<\/p>\n<\/td>\n<td valign=\"top\">\n<p>&nbsp;<\/p>\n<\/td>\n<\/tr>\n<tr>\n<td valign=\"top\">\n<p>&nbsp;<\/p>\n<\/td>\n<td valign=\"top\">\n<p>&nbsp;<\/p>\n<\/td>\n<td valign=\"top\">\n<p>&nbsp;<\/p>\n<\/td>\n<td valign=\"top\">\n<p>&nbsp;<\/p>\n<\/td>\n<td valign=\"top\">\n<p>&nbsp;<\/p>\n<\/td>\n<\/tr>\n<tr>\n<td valign=\"top\">\n<p>&nbsp;<\/p>\n<\/td>\n<td valign=\"top\">\n<p>&nbsp;<\/p>\n<\/td>\n<td valign=\"top\">\n<p>&nbsp;<\/p>\n<\/td>\n<td valign=\"top\">\n<p>&nbsp;<\/p>\n<\/td>\n<td valign=\"top\">\n<p>&nbsp;<\/p>\n<\/td>\n<\/tr>\n<tr>\n<td valign=\"top\">\n<p>&nbsp;<\/p>\n<\/td>\n<td valign=\"top\">\n<p>&nbsp;<\/p>\n<\/td>\n<td valign=\"top\">\n<p>&nbsp;<\/p>\n<\/td>\n<td valign=\"top\">\n<p>&nbsp;<\/p>\n<\/td>\n<td valign=\"top\">\n<p>&nbsp;<\/p>\n<\/td>\n<\/tr>\n<tr>\n<td valign=\"top\">\n<p>&nbsp;<\/p>\n<\/td>\n<td valign=\"top\">\n<p>&nbsp;<\/p>\n<\/td>\n<td valign=\"top\">\n<p>&nbsp;<\/p>\n<\/td>\n<td valign=\"top\">\n<p>&nbsp;<\/p>\n<\/td>\n<td valign=\"top\">\n<p>&nbsp;<\/p>\n<\/td>\n<\/tr>\n<\/tbody>\n<\/table>\n<p>&nbsp;<\/p>\n<p><strong>8. Sus derechos con respecto a los datos personales<\/strong><\/p>\n<p>Usted tiene los siguientes derechos con respecto a sus datos personales:<\/p>\n<ul>\n<li><span><\/span><span>Usted tiene derecho a saber por qu\u00e9 se necesitan sus datos personales, qu\u00e9 suceder\u00e1 con ellos y durante cu\u00e1nto tiempo se conservar\u00e1n.<\/span><\/li>\n<li><span><\/span><span>Derecho de acceso: Usted tiene derecho a acceder a sus datos personales que conocemos.<\/span><\/li>\n<li><span><\/span><span>Derecho de rectificaci\u00f3n: tiene derecho a completar, rectificar, borrar o bloquear sus datos personales cuando lo desee.<\/span><\/li>\n<li><span><\/span><span>Si usted nos da su consentimiento para procesar sus datos, tiene derecho a revocar dicho consentimiento y a que se eliminen sus datos personales.<\/span><\/li>\n<li><span><\/span><span>Derecho de cesi\u00f3n de sus datos: tiene derecho a solicitar todos sus datos personales al responsable del tratamiento y a transferirlos \u00edntegramente a otro responsable del tratamiento.<\/span><\/li>\n<li><span><\/span><span>Derecho de oposici\u00f3n: usted puede oponerse al tratamiento de sus datos. Nosotros cumplimos con esto, a menos que existan motivos justificados para el procesamiento.<\/span><\/li>\n<\/ul>\n<p>Para ejercer estos derechos, p\u00f3ngase en contacto con nosotros. Por favor refi\u00e9rase a los detalles de contacto en la parte inferior de esta declaraci\u00f3n de cookies. Si tiene alguna queja sobre c\u00f3mo manejamos sus datos, nos gustar\u00eda saber de usted, pero tambi\u00e9n tiene derecho a presentar una queja a la autoridad supervisora (la Autoridad de Protecci\u00f3n de Datos).<\/p>\n<p><strong>9. Habilitaci\u00f3n\/deshabilitaci\u00f3n y eliminaci\u00f3n de cookies<\/strong><\/p>\n<p>Puede utilizar su navegador de Internet para eliminar las cookies de forma autom\u00e1tica o manual. Usted tambi\u00e9n puede especificar que ciertas cookies no pueden ser colocadas. Otra opci\u00f3n es cambiar la configuraci\u00f3n de su navegador de Internet para que reciba un mensaje cada vez que se coloca una cookie. Para obtener m\u00e1s informaci\u00f3n sobre estas opciones, consulte las instrucciones de la secci\u00f3n Ayuda de su navegador.<\/p>\n<p>Tenga en cuenta que nuestro sitio web puede no funcionar correctamente si todas las cookies est\u00e1n deshabilitadas. Si borra las cookies de su navegador, se volver\u00e1n a colocar despu\u00e9s de su consentimiento cuando vuelva a visitar nuestros sitios web.<\/p>\n<p><strong>10. Detalles de contacto<\/strong><\/p>\n<p>Para preguntas y\/o comentarios sobre nuestra pol\u00edtica de cookies y esta declaraci\u00f3n, p\u00f3ngase en contacto con nosotros utilizando los siguientes datos de contacto:<\/p>\n<p><span>Denominaci\u00f3n:<\/span> <b>INTERLENCO SA<\/b><span><br \/> Direcci\u00f3n:<\/span> <b>C\/HERMENEGILDO BIELSA 18, 28026,<\/b><span><b> <\/b><\/span><b>MADRID,<\/b><span><b> <\/b><\/span><b>MADRID<\/b><span><br \/> Website:\u00a0<\/span><b>https:\/\/interlenco.es\/interlenco\/home.html<\/b><span><br \/> Email:\u00a0<\/span><b>r.martin@interlenco.es<\/b><span><br \/> N\u00famero de tel\u00e9fono: <\/span><b>915341079<\/b><\/p>\n<\/div>\n<\/div>\n<\/div>\n<p>[\/et_pb_text][et_pb_divider color=\u00bb#7473c0&#8243; divider_weight=\u00bb2px\u00bb height=\u00bb2px\u00bb _builder_version=\u00bb3.18.9&#8243; max_width=\u00bb60px\u00bb module_alignment=\u00bbleft\u00bb locked=\u00bboff\u00bb][\/et_pb_divider][\/et_pb_column][\/et_pb_row][\/et_pb_section]<\/p>\n","protected":false},"excerpt":{"rendered":"<p>[et_pb_section fb_built=\u00bb1&#8243; fullwidth=\u00bbon\u00bb admin_label=\u00bbHero Section\u00bb _builder_version=\u00bb3.18.9&#8243; background_image=\u00bbhttps:\/\/interlenco.es\/wp-content\/uploads\/2019\/01\/legal.jpg\u00bb background_size=\u00bbinitial\u00bb custom_margin=\u00bb0px|0px|0px|0px\u00bb custom_padding=\u00bb1px|0|0|0px|false|false\u00bb][et_pb_fullwidth_header title=\u00bbAviso Legal\u00bb subhead=\u00bbPol\u00edtica de Cookies\u00bb text_orientation=\u00bbright\u00bb background_overlay_color=\u00bbrgba(0,0,0,0.19)\u00bb content_max_width=\u00bb550px\u00bb _builder_version=\u00bb3.18.9&#8243; title_level=\u00bbh3&#8243; title_font=\u00bbRaleway|700|||||||\u00bb title_text_color=\u00bb#ffffff\u00bb title_font_size=\u00bb31px\u00bb title_letter_spacing=\u00bb2px\u00bb title_line_height=\u00bb1.8em\u00bb content_font=\u00bbRaleway||||||||\u00bb subhead_font=\u00bbRaleway|700|||||||\u00bb subhead_text_align=\u00bbright\u00bb subhead_font_size=\u00bb47px\u00bb subhead_line_height=\u00bb1.1em\u00bb background_color=\u00bbrgba(255,255,255,0)\u00bb custom_button_two=\u00bbon\u00bb button_two_border_width=\u00bb3px\u00bb button_two_border_color=\u00bbrgba(255,255,255,0.58)\u00bb button_two_border_radius=\u00bb0px\u00bb button_two_letter_spacing=\u00bb1px\u00bb button_two_font=\u00bbSaira Extra Condensed|600||on|||||\u00bb button_two_icon=\u00bb%%3%%\u00bb button_two_icon_color=\u00bb#edbb5f\u00bb custom_button_one=\u00bbon\u00bb button_one_border_width=\u00bb1px\u00bb button_one_border_color=\u00bbrgba(255,255,255,0.3)\u00bb button_one_border_radius=\u00bb0px\u00bb button_one_letter_spacing=\u00bb1px\u00bb button_one_font=\u00bbSaira Extra Condensed|600||on|||||\u00bb button_one_icon=\u00bb%%3%%\u00bb button_one_icon_color=\u00bb#edbb5f\u00bb module_alignment=\u00bbright\u00bb custom_margin=\u00bb-3px|0px|0px|0px\u00bb custom_padding=\u00bb180px|0px|14px|0px\u00bb text_shadow_style=\u00bbpreset1&#8243; [&hellip;]<\/p>\n","protected":false},"author":1,"featured_media":0,"parent":0,"menu_order":0,"comment_status":"closed","ping_status":"closed","template":"","meta":{"_et_pb_use_builder":"on","_et_pb_old_content":""},"_links":{"self":[{"href":"https:\/\/interlenco.es\/index.php?rest_route=\/wp\/v2\/pages\/218"}],"collection":[{"href":"https:\/\/interlenco.es\/index.php?rest_route=\/wp\/v2\/pages"}],"about":[{"href":"https:\/\/interlenco.es\/index.php?rest_route=\/wp\/v2\/types\/page"}],"author":[{"embeddable":true,"href":"https:\/\/interlenco.es\/index.php?rest_route=\/wp\/v2\/users\/1"}],"replies":[{"embeddable":true,"href":"https:\/\/interlenco.es\/index.php?rest_route=%2Fwp%2Fv2%2Fcomments&post=218"}],"version-history":[{"count":4,"href":"https:\/\/interlenco.es\/index.php?rest_route=\/wp\/v2\/pages\/218\/revisions"}],"predecessor-version":[{"id":588,"href":"https:\/\/interlenco.es\/index.php?rest_route=\/wp\/v2\/pages\/218\/revisions\/588"}],"wp:attachment":[{"href":"https:\/\/interlenco.es\/index.php?rest_route=%2Fwp%2Fv2%2Fmedia&parent=218"}],"curies":[{"name":"wp","href":"https:\/\/api.w.org\/{rel}","templated":true}]}}