{"id":127,"date":"2019-01-18T01:34:19","date_gmt":"2019-01-18T01:34:19","guid":{"rendered":"https:\/\/interlenco.es\/?page_id=127"},"modified":"2025-06-13T08:42:27","modified_gmt":"2025-06-13T08:42:27","slug":"cursos-2","status":"publish","type":"page","link":"https:\/\/interlenco.es\/?page_id=127","title":{"rendered":"Cursos"},"content":{"rendered":"<p>[et_pb_section fb_built=\u00bb1&#8243; fullwidth=\u00bbon\u00bb admin_label=\u00bbHero Section\u00bb _builder_version=\u00bb3.18.9&#8243; background_image=\u00bbhttps:\/\/interlenco.es\/wp-content\/uploads\/2019\/01\/Cursos.jpg\u00bb background_size=\u00bbinitial\u00bb custom_margin=\u00bb0px|0px|0px|0px\u00bb custom_padding=\u00bb0|0|0px|0px|false|false\u00bb][et_pb_fullwidth_header title=\u00bbProfesionales al d\u00eda\u00bb subhead=\u00bbCursos de formaci\u00f3n \u00bb text_orientation=\u00bbright\u00bb background_overlay_color=\u00bbrgba(0,0,0,0.19)\u00bb content_max_width=\u00bb550px\u00bb _builder_version=\u00bb3.18.9&#8243; title_level=\u00bbh3&#8243; title_font=\u00bbRaleway|700|||||||\u00bb title_text_color=\u00bb#ffffff\u00bb title_font_size=\u00bb36px\u00bb title_letter_spacing=\u00bb2px\u00bb title_line_height=\u00bb1.8em\u00bb content_font=\u00bbRaleway||||||||\u00bb subhead_font=\u00bbRaleway|700|||||||\u00bb subhead_text_align=\u00bbright\u00bb subhead_font_size=\u00bb47px\u00bb subhead_line_height=\u00bb1.1em\u00bb background_color=\u00bbrgba(255,255,255,0)\u00bb custom_button_two=\u00bbon\u00bb button_two_border_width=\u00bb3px\u00bb button_two_border_color=\u00bbrgba(255,255,255,0.58)\u00bb button_two_border_radius=\u00bb0px\u00bb button_two_letter_spacing=\u00bb1px\u00bb button_two_font=\u00bbSaira Extra Condensed|600||on|||||\u00bb button_two_icon=\u00bb%%3%%\u00bb button_two_icon_color=\u00bb#edbb5f\u00bb custom_button_one=\u00bbon\u00bb button_one_border_width=\u00bb1px\u00bb button_one_border_color=\u00bbrgba(255,255,255,0.3)\u00bb button_one_border_radius=\u00bb0px\u00bb button_one_letter_spacing=\u00bb1px\u00bb button_one_font=\u00bbSaira Extra Condensed|600||on|||||\u00bb button_one_icon=\u00bb%%3%%\u00bb button_one_icon_color=\u00bb#edbb5f\u00bb module_alignment=\u00bbright\u00bb custom_margin=\u00bb0px|0px|0px|0px\u00bb custom_padding=\u00bb175px|0px|14px|0px\u00bb text_shadow_style=\u00bbpreset1&#8243; text_shadow_horizontal_length=\u00bb0.17em\u00bb text_shadow_vertical_length=\u00bb0.15em\u00bb text_shadow_blur_strength=\u00bb0.31em\u00bb text_shadow_color=\u00bb#000000&#8243; button_one_text_color_hover=\u00bb#edbb5f\u00bb button_two_text_color_hover=\u00bb#edbb5f\u00bb button_one_bg_color_hover=\u00bbrgba(0,0,0,0)\u00bb button_two_bg_color_hover=\u00bbrgba(0,0,0,0)\u00bb button_one_text_size__hover_enabled=\u00bboff\u00bb button_two_text_size__hover_enabled=\u00bboff\u00bb button_one_text_color__hover_enabled=\u00bbon\u00bb button_one_text_color__hover=\u00bb#edbb5f\u00bb button_two_text_color__hover_enabled=\u00bbon\u00bb button_two_text_color__hover=\u00bb#edbb5f\u00bb button_one_border_width__hover_enabled=\u00bboff\u00bb button_two_border_width__hover_enabled=\u00bboff\u00bb button_one_border_color__hover_enabled=\u00bboff\u00bb button_two_border_color__hover_enabled=\u00bboff\u00bb button_one_border_radius__hover_enabled=\u00bboff\u00bb button_two_border_radius__hover_enabled=\u00bboff\u00bb button_one_letter_spacing__hover_enabled=\u00bboff\u00bb button_two_letter_spacing__hover_enabled=\u00bboff\u00bb button_one_bg_color__hover_enabled=\u00bbon\u00bb button_one_bg_color__hover=\u00bbrgba(0,0,0,0)\u00bb button_two_bg_color__hover_enabled=\u00bbon\u00bb button_two_bg_color__hover=\u00bbrgba(0,0,0,0)\u00bb][\/et_pb_fullwidth_header][\/et_pb_section][et_pb_section fb_built=\u00bb1&#8243; admin_label=\u00bbFeature &#8211; Image Left\u00bb _builder_version=\u00bb3.0.98&#8243; custom_margin=\u00bb|||\u00bb custom_padding=\u00bb40px|0px|67px|0px|false|false\u00bb][et_pb_row use_custom_gutter=\u00bbon\u00bb gutter_width=\u00bb4&#8243; padding_top_2=\u00bb5%\u00bb _builder_version=\u00bb3.18.9&#8243;][et_pb_column type=\u00bb1_2&#8243; _builder_version=\u00bb3.0.47&#8243; parallax=\u00bboff\u00bb parallax_method=\u00bbon\u00bb][et_pb_image src=\u00bbhttps:\/\/interlenco.es\/wp-content\/uploads\/2019\/01\/MedmontScreen.jpeg\u00bb _builder_version=\u00bb3.18.9&#8243; box_shadow_style=\u00bbpreset4&#8243; box_shadow_horizontal=\u00bb-80px\u00bb box_shadow_vertical=\u00bb50px\u00bb box_shadow_color=\u00bbrgba(12,12,12,0.03)\u00bb animation_style=\u00bbfade\u00bb][\/et_pb_image][et_pb_image src=\u00bbhttps:\/\/interlenco.es\/wp-content\/uploads\/2019\/04\/paragon-logo.png\u00bb _builder_version=\u00bb3.18.9&#8243; box_shadow_style=\u00bbpreset4&#8243; box_shadow_horizontal=\u00bb-80px\u00bb box_shadow_vertical=\u00bb50px\u00bb box_shadow_color=\u00bbrgba(12,12,12,0.03)\u00bb animation_style=\u00bbfade\u00bb][\/et_pb_image][et_pb_image src=\u00bbhttps:\/\/interlenco.es\/wp-content\/uploads\/2019\/04\/IMG_0164-e1555328950576.jpg\u00bb _builder_version=\u00bb3.18.9&#8243; box_shadow_style=\u00bbpreset4&#8243; box_shadow_horizontal=\u00bb-80px\u00bb box_shadow_vertical=\u00bb50px\u00bb box_shadow_color=\u00bbrgba(12,12,12,0.03)\u00bb animation_style=\u00bbfade\u00bb][\/et_pb_image][et_pb_image src=\u00bbhttps:\/\/interlenco.es\/wp-content\/uploads\/2022\/05\/Logo-BYO-Premium-MC_Page_1.png\u00bb _builder_version=\u00bb3.18.9&#8243;][\/et_pb_image][\/et_pb_column][et_pb_column type=\u00bb1_2&#8243; _builder_version=\u00bb3.0.47&#8243; padding_top=\u00bb5%\u00bb parallax=\u00bboff\u00bb parallax_method=\u00bbon\u00bb][et_pb_text _builder_version=\u00bb3.18.9&#8243; text_font=\u00bb||||||||\u00bb header_font=\u00bb||||||||\u00bb header_2_font=\u00bbRaleway|700|||||||\u00bb header_2_font_size=\u00bb38px\u00bb header_2_letter_spacing=\u00bb1px\u00bb header_2_line_height=\u00bb1.4em\u00bb header_3_font=\u00bbPoppins|700||on|||||\u00bb header_3_text_color=\u00bb#7473c0&#8243; header_3_font_size=\u00bb14px\u00bb header_3_letter_spacing=\u00bb1px\u00bb header_3_line_height=\u00bb2em\u00bb]<\/p>\n<h3>formacion continua<\/h3>\n<h2>El ingrediente imprescindible de la calidad<\/h2>\n<p>[\/et_pb_text][et_pb_divider color=\u00bb#7473c0&#8243; divider_weight=\u00bb2px\u00bb height=\u00bb2px\u00bb _builder_version=\u00bb3.18.9&#8243; max_width=\u00bb60px\u00bb module_alignment=\u00bbleft\u00bb][\/et_pb_divider][et_pb_text _builder_version=\u00bb3.0.98&#8243; text_font=\u00bbPoppins||||||||\u00bb text_font_size=\u00bb16px\u00bb text_letter_spacing=\u00bb1px\u00bb text_line_height=\u00bb2em\u00bb max_width=\u00bb550px\u00bb]<\/p>\n<p>Interlenco ofrece periodicamente cursos de formaci\u00f3n sobre el uso y utilizaci\u00f3n de sus lentes de contacto. Estos cursos tratan de ofrecer toda la informaci\u00f3n disp\u00f3nible a los profesionales del sector optico.<br \/>Los cursos pueden organizarse para grupos o personalizados, as\u00ed como te\u00f3rico pr\u00e1cticos, presenciales u online. Pueden ser b\u00e1sicos y generales de adaptaci\u00f3n de lentes de contacto o monogr\u00e1ficos de un determinado tipo de lente.<\/p>\n<p>Tel\u00e9fono de informaci\u00f3n <strong>91 534 10 79<\/strong><\/p>\n<p>Whatsapp <strong>619 33 77 59<\/strong><\/p>\n<p><strong>formacion@interlenco.es<\/strong><\/p>\n<p>[\/et_pb_text][\/et_pb_column][\/et_pb_row][\/et_pb_section][et_pb_section fb_built=\u00bb1&#8243; admin_label=\u00bbContact\u00bb _builder_version=\u00bb3.0.98&#8243; background_image=\u00bbhttps:\/\/interlenco.es\/wp-content\/uploads\/2019\/01\/consutant-03.jpg\u00bb box_shadow_style=\u00bbpreset7&#8243; box_shadow_horizontal=\u00bb0px\u00bb box_shadow_vertical=\u00bb80px\u00bb box_shadow_color=\u00bb#ffffff\u00bb custom_margin=\u00bb|||\u00bb custom_padding=\u00bb0px|0px|0px|0px\u00bb][et_pb_row custom_padding=\u00bb73px|60px|60px|60px|false|false\u00bb custom_padding_phone=\u00bb|40px||40px\u00bb custom_margin=\u00bb|||\u00bb custom_padding_last_edited=\u00bbon|phone\u00bb padding_top_2=\u00bb140px\u00bb _builder_version=\u00bb3.18.9&#8243; background_color=\u00bb#ffffff\u00bb box_shadow_style=\u00bbpreset3&#8243; box_shadow_vertical=\u00bb15px\u00bb box_shadow_blur=\u00bb80px\u00bb box_shadow_color=\u00bbrgba(0,0,0,0.2)\u00bb animation_direction=\u00bbbottom\u00bb][et_pb_column type=\u00bb1_2&#8243; _builder_version=\u00bb3.0.47&#8243; parallax=\u00bboff\u00bb parallax_method=\u00bbon\u00bb][et_pb_text _builder_version=\u00bb3.18.9&#8243; text_font=\u00bbRaleway|300|||||||\u00bb header_font=\u00bbRaleway||||||||\u00bb header_2_font=\u00bbRaleway|700|||||||\u00bb header_2_font_size=\u00bb38px\u00bb header_2_letter_spacing=\u00bb1px\u00bb header_2_line_height=\u00bb1.4em\u00bb header_3_font=\u00bbRaleway|700||on|||||\u00bb header_3_text_color=\u00bb#edbb5f\u00bb header_3_font_size=\u00bb14px\u00bb header_3_letter_spacing=\u00bb1px\u00bb header_3_line_height=\u00bb2em\u00bb text_orientation=\u00bbcenter\u00bb max_width=\u00bb550px\u00bb module_alignment=\u00bbcenter\u00bb locked=\u00bboff\u00bb]<\/p>\n<h2>Contactar<\/h2>\n<p>[\/et_pb_text][et_pb_contact_form captcha=\u00bboff\u00bb email=\u00bbweb@interlenco.es\u00bb success_message=\u00bbSu mensaje de contacto se ha enviado correctamente.\u00bb submit_button_text=\u00bbEnviar\u00bb form_background_color=\u00bb#ffffff\u00bb module_id=\u00bbet_pb_contact_form_0&#8243; _builder_version=\u00bb3.18.9&#8243; title_level=\u00bbh2&#8243; title_font=\u00bbPlayfair Display|700||on|||||\u00bb title_text_align=\u00bbcenter\u00bb title_font_size=\u00bb38px\u00bb title_line_height=\u00bb1.4em\u00bb form_field_font=\u00bbPoppins|600||on|||||\u00bb form_field_text_color=\u00bbrgba(0,0,0,0.7)\u00bb form_field_font_size=\u00bb12px\u00bb form_field_letter_spacing=\u00bb2px\u00bb border_color_all=\u00bb#dfdfe3&#8243; border_width_bottom=\u00bb1px\u00bb custom_button=\u00bbon\u00bb button_text_color=\u00bb#ffffff\u00bb button_bg_color=\u00bb#7473c0&#8243; button_border_width=\u00bb0px\u00bb button_border_radius=\u00bb0px\u00bb button_letter_spacing=\u00bb1px\u00bb button_font=\u00bbSaira Extra Condensed|600||on|||||\u00bb button_icon=\u00bb%%3%%\u00bb custom_margin=\u00bb|||\u00bb custom_padding=\u00bb|||\u00bb button_letter_spacing_hover=\u00bb1px\u00bb][et_pb_contact_field field_id=\u00bbFromName\u00bb field_title=\u00bbNombre\u00bb fullwidth_field=\u00bbon\u00bb _builder_version=\u00bb3.18.9&#8243; form_field_font=\u00bb||||||||\u00bb border_radii=\u00bbon||||\u00bb custom_margin=\u00bb||20px|\u00bb custom_padding=\u00bb|||\u00bb button_text_size__hover_enabled=\u00bboff\u00bb button_one_text_size__hover_enabled=\u00bboff\u00bb button_two_text_size__hover_enabled=\u00bboff\u00bb button_text_color__hover_enabled=\u00bboff\u00bb button_one_text_color__hover_enabled=\u00bboff\u00bb button_two_text_color__hover_enabled=\u00bboff\u00bb button_border_width__hover_enabled=\u00bboff\u00bb button_one_border_width__hover_enabled=\u00bboff\u00bb button_two_border_width__hover_enabled=\u00bboff\u00bb button_border_color__hover_enabled=\u00bboff\u00bb button_one_border_color__hover_enabled=\u00bboff\u00bb button_two_border_color__hover_enabled=\u00bboff\u00bb button_border_radius__hover_enabled=\u00bboff\u00bb button_one_border_radius__hover_enabled=\u00bboff\u00bb button_two_border_radius__hover_enabled=\u00bboff\u00bb button_letter_spacing__hover_enabled=\u00bboff\u00bb button_one_letter_spacing__hover_enabled=\u00bboff\u00bb button_two_letter_spacing__hover_enabled=\u00bboff\u00bb button_bg_color__hover_enabled=\u00bboff\u00bb button_one_bg_color__hover_enabled=\u00bboff\u00bb button_two_bg_color__hover_enabled=\u00bboff\u00bb][\/et_pb_contact_field][et_pb_contact_field field_id=\u00bbFromEmail\u00bb field_title=\u00bbEmail\u00bb field_type=\u00bbemail\u00bb fullwidth_field=\u00bbon\u00bb _builder_version=\u00bb3.18.9&#8243; form_field_font=\u00bb||||||||\u00bb border_radii=\u00bbon||||\u00bb custom_margin=\u00bb||20px|\u00bb button_text_size__hover_enabled=\u00bboff\u00bb button_one_text_size__hover_enabled=\u00bboff\u00bb button_two_text_size__hover_enabled=\u00bboff\u00bb button_text_color__hover_enabled=\u00bboff\u00bb button_one_text_color__hover_enabled=\u00bboff\u00bb button_two_text_color__hover_enabled=\u00bboff\u00bb button_border_width__hover_enabled=\u00bboff\u00bb button_one_border_width__hover_enabled=\u00bboff\u00bb button_two_border_width__hover_enabled=\u00bboff\u00bb button_border_color__hover_enabled=\u00bboff\u00bb button_one_border_color__hover_enabled=\u00bboff\u00bb button_two_border_color__hover_enabled=\u00bboff\u00bb button_border_radius__hover_enabled=\u00bboff\u00bb button_one_border_radius__hover_enabled=\u00bboff\u00bb button_two_border_radius__hover_enabled=\u00bboff\u00bb button_letter_spacing__hover_enabled=\u00bboff\u00bb button_one_letter_spacing__hover_enabled=\u00bboff\u00bb button_two_letter_spacing__hover_enabled=\u00bboff\u00bb button_bg_color__hover_enabled=\u00bboff\u00bb button_one_bg_color__hover_enabled=\u00bboff\u00bb button_two_bg_color__hover_enabled=\u00bboff\u00bb][\/et_pb_contact_field][et_pb_contact_field field_id=\u00bbPhone\u00bb field_title=\u00bbTel\u00e9fono\u00bb required_mark=\u00bboff\u00bb fullwidth_field=\u00bbon\u00bb _builder_version=\u00bb3.18.9&#8243; form_field_font=\u00bb||||||||\u00bb border_radii=\u00bbon||||\u00bb custom_margin=\u00bb||20px|\u00bb button_text_size__hover_enabled=\u00bboff\u00bb button_one_text_size__hover_enabled=\u00bboff\u00bb button_two_text_size__hover_enabled=\u00bboff\u00bb button_text_color__hover_enabled=\u00bboff\u00bb button_one_text_color__hover_enabled=\u00bboff\u00bb button_two_text_color__hover_enabled=\u00bboff\u00bb button_border_width__hover_enabled=\u00bboff\u00bb button_one_border_width__hover_enabled=\u00bboff\u00bb button_two_border_width__hover_enabled=\u00bboff\u00bb button_border_color__hover_enabled=\u00bboff\u00bb button_one_border_color__hover_enabled=\u00bboff\u00bb button_two_border_color__hover_enabled=\u00bboff\u00bb button_border_radius__hover_enabled=\u00bboff\u00bb button_one_border_radius__hover_enabled=\u00bboff\u00bb button_two_border_radius__hover_enabled=\u00bboff\u00bb button_letter_spacing__hover_enabled=\u00bboff\u00bb button_one_letter_spacing__hover_enabled=\u00bboff\u00bb button_two_letter_spacing__hover_enabled=\u00bboff\u00bb button_bg_color__hover_enabled=\u00bboff\u00bb button_one_bg_color__hover_enabled=\u00bboff\u00bb button_two_bg_color__hover_enabled=\u00bboff\u00bb][\/et_pb_contact_field][et_pb_contact_field field_id=\u00bbMessage\u00bb field_title=\u00bbMensaje\u00bb field_type=\u00bbtext\u00bb fullwidth_field=\u00bbon\u00bb field_background_color=\u00bbrgba(12,12,12,0.02)\u00bb _builder_version=\u00bb3.18.9&#8243; form_field_font=\u00bb||||||||\u00bb border_radii=\u00bbon||||\u00bb border_width_all=\u00bb1px\u00bb custom_margin=\u00bb40px||20px|\u00bb button_text_size__hover_enabled=\u00bboff\u00bb button_one_text_size__hover_enabled=\u00bboff\u00bb button_two_text_size__hover_enabled=\u00bboff\u00bb button_text_color__hover_enabled=\u00bboff\u00bb button_one_text_color__hover_enabled=\u00bboff\u00bb button_two_text_color__hover_enabled=\u00bboff\u00bb button_border_width__hover_enabled=\u00bboff\u00bb button_one_border_width__hover_enabled=\u00bboff\u00bb button_two_border_width__hover_enabled=\u00bboff\u00bb button_border_color__hover_enabled=\u00bboff\u00bb button_one_border_color__hover_enabled=\u00bboff\u00bb button_two_border_color__hover_enabled=\u00bboff\u00bb button_border_radius__hover_enabled=\u00bboff\u00bb button_one_border_radius__hover_enabled=\u00bboff\u00bb button_two_border_radius__hover_enabled=\u00bboff\u00bb button_letter_spacing__hover_enabled=\u00bboff\u00bb button_one_letter_spacing__hover_enabled=\u00bboff\u00bb button_two_letter_spacing__hover_enabled=\u00bboff\u00bb button_bg_color__hover_enabled=\u00bboff\u00bb button_one_bg_color__hover_enabled=\u00bboff\u00bb button_two_bg_color__hover_enabled=\u00bboff\u00bb][\/et_pb_contact_field][et_pb_contact_field field_id=\u00bbField_5&#8243; field_title=\u00bbPol\u00edtica de privacidad\u00bb field_type=\u00bbcheckbox\u00bb checkbox_options=\u00bb%91{%22value%22:%22Acepto%22,%22checked%22:0,%22dragID%22:-1}%93&#8243; fullwidth_field=\u00bbon\u00bb _builder_version=\u00bb3.18.9&#8243; link_option_url=\u00bbhttps:\/\/interlenco.es\/index.php\/politica-de-privacidad\/\u00bb][\/et_pb_contact_field][\/et_pb_contact_form][\/et_pb_column][et_pb_column type=\u00bb1_2&#8243; _builder_version=\u00bb3.0.47&#8243; padding_top=\u00bb140px\u00bb parallax=\u00bboff\u00bb parallax_method=\u00bbon\u00bb][et_pb_text _builder_version=\u00bb3.18.9&#8243; text_font=\u00bbPoppins|600||on|||||\u00bb text_font_size=\u00bb16px\u00bb text_letter_spacing=\u00bb2px\u00bb text_line_height=\u00bb2em\u00bb ul_font=\u00bb||||||||\u00bb header_font=\u00bb||||||||\u00bb background_color=\u00bb#2e1a46&#8243; border_width_top=\u00bb8px\u00bb border_color_top=\u00bb#7473c0&#8243; text_orientation=\u00bbcenter\u00bb background_layout=\u00bbdark\u00bb custom_margin=\u00bb|||\u00bb custom_padding=\u00bb60px|40px|60px|40px\u00bb custom_padding_last_edited=\u00bboff|desktop\u00bb locked=\u00bboff\u00bb]<\/p>\n<p>Hermenegildo Bielsa, 18<br \/> 28026 Madrid<br \/> Tel. 91 534 10 79<br \/>whatsapp. 619 33 77 59<\/p>\n<p>[\/et_pb_text][\/et_pb_column][\/et_pb_row][\/et_pb_section]<\/p>\n","protected":false},"excerpt":{"rendered":"<p>[et_pb_section fb_built=\u00bb1&#8243; fullwidth=\u00bbon\u00bb admin_label=\u00bbHero Section\u00bb _builder_version=\u00bb3.18.9&#8243; background_image=\u00bbhttps:\/\/interlenco.es\/wp-content\/uploads\/2019\/01\/Cursos.jpg\u00bb background_size=\u00bbinitial\u00bb custom_margin=\u00bb0px|0px|0px|0px\u00bb custom_padding=\u00bb0|0|0px|0px|false|false\u00bb][et_pb_fullwidth_header title=\u00bbProfesionales al d\u00eda\u00bb subhead=\u00bbCursos de formaci\u00f3n \u00bb text_orientation=\u00bbright\u00bb background_overlay_color=\u00bbrgba(0,0,0,0.19)\u00bb content_max_width=\u00bb550px\u00bb _builder_version=\u00bb3.18.9&#8243; title_level=\u00bbh3&#8243; title_font=\u00bbRaleway|700|||||||\u00bb title_text_color=\u00bb#ffffff\u00bb title_font_size=\u00bb36px\u00bb title_letter_spacing=\u00bb2px\u00bb title_line_height=\u00bb1.8em\u00bb content_font=\u00bbRaleway||||||||\u00bb subhead_font=\u00bbRaleway|700|||||||\u00bb subhead_text_align=\u00bbright\u00bb subhead_font_size=\u00bb47px\u00bb subhead_line_height=\u00bb1.1em\u00bb background_color=\u00bbrgba(255,255,255,0)\u00bb custom_button_two=\u00bbon\u00bb button_two_border_width=\u00bb3px\u00bb button_two_border_color=\u00bbrgba(255,255,255,0.58)\u00bb button_two_border_radius=\u00bb0px\u00bb button_two_letter_spacing=\u00bb1px\u00bb button_two_font=\u00bbSaira Extra Condensed|600||on|||||\u00bb button_two_icon=\u00bb%%3%%\u00bb button_two_icon_color=\u00bb#edbb5f\u00bb custom_button_one=\u00bbon\u00bb button_one_border_width=\u00bb1px\u00bb button_one_border_color=\u00bbrgba(255,255,255,0.3)\u00bb button_one_border_radius=\u00bb0px\u00bb button_one_letter_spacing=\u00bb1px\u00bb button_one_font=\u00bbSaira Extra Condensed|600||on|||||\u00bb button_one_icon=\u00bb%%3%%\u00bb button_one_icon_color=\u00bb#edbb5f\u00bb module_alignment=\u00bbright\u00bb custom_margin=\u00bb0px|0px|0px|0px\u00bb [&hellip;]<\/p>\n","protected":false},"author":1,"featured_media":0,"parent":0,"menu_order":0,"comment_status":"closed","ping_status":"closed","template":"","meta":{"_et_pb_use_builder":"on","_et_pb_old_content":""},"_links":{"self":[{"href":"https:\/\/interlenco.es\/index.php?rest_route=\/wp\/v2\/pages\/127"}],"collection":[{"href":"https:\/\/interlenco.es\/index.php?rest_route=\/wp\/v2\/pages"}],"about":[{"href":"https:\/\/interlenco.es\/index.php?rest_route=\/wp\/v2\/types\/page"}],"author":[{"embeddable":true,"href":"https:\/\/interlenco.es\/index.php?rest_route=\/wp\/v2\/users\/1"}],"replies":[{"embeddable":true,"href":"https:\/\/interlenco.es\/index.php?rest_route=%2Fwp%2Fv2%2Fcomments&post=127"}],"version-history":[{"count":15,"href":"https:\/\/interlenco.es\/index.php?rest_route=\/wp\/v2\/pages\/127\/revisions"}],"predecessor-version":[{"id":853,"href":"https:\/\/interlenco.es\/index.php?rest_route=\/wp\/v2\/pages\/127\/revisions\/853"}],"wp:attachment":[{"href":"https:\/\/interlenco.es\/index.php?rest_route=%2Fwp%2Fv2%2Fmedia&parent=127"}],"curies":[{"name":"wp","href":"https:\/\/api.w.org\/{rel}","templated":true}]}}